{"id":1028,"date":"2019-07-04T08:19:34","date_gmt":"2019-07-04T08:19:34","guid":{"rendered":"https:\/\/stoni.wgl-demo.net\/?page_id=1028"},"modified":"2025-12-17T09:40:06","modified_gmt":"2025-12-17T08:40:06","slug":"vizionk","status":"publish","type":"page","link":"https:\/\/planbau.hu\/demo\/vizionk\/","title":{"rendered":"V\u00edzi\u00f3nk"},"content":{"rendered":"\t\t<div data-elementor-type=\"wp-post\" data-elementor-id=\"1028\" class=\"elementor elementor-1028\">\n\t\t\t\t\t\t<section class=\"elementor-section elementor-top-section elementor-element elementor-element-89d068f elementor-section-boxed elementor-section-height-default elementor-section-height-default\" data-id=\"89d068f\" data-element_type=\"section\">\n\t\t\t\t\t\t<div class=\"elementor-container elementor-column-gap-default\">\n\t\t\t\t\t<div class=\"elementor-column elementor-col-50 elementor-top-column elementor-element elementor-element-25c3fb8\" data-id=\"25c3fb8\" data-element_type=\"column\">\n\t\t\t<div class=\"elementor-widget-wrap elementor-element-populated\">\n\t\t\t\t\t\t<div class=\"elementor-element elementor-element-42eb925 elementor-widget elementor-widget-wgl-image-layers\" data-id=\"42eb925\" data-element_type=\"widget\" data-widget_type=\"wgl-image-layers.default\">\n\t\t\t\t<div class=\"elementor-widget-container\">\n\t\t\t\t\t<div class=\"wgl-image-layers\"><div class=\"img-layer_image-wrapper slide_right\" style=\"z-index: 2\">\r\n                <div class=\"img-layer_item\" style=\"transform: translate(0%, 0%);\">\r\n                    <div class=\"img-layer_image\" style=\"transition: all 800ms; transition-delay: 600ms;\">\r\n                        <img decoding=\"async\" src=\"https:\/\/planbau.hu\/demo\/wp-content\/uploads\/2025\/05\/kornye-5.jpg\" alt=\"k\u00f6rnye\" \/>\r\n                    <\/div>\r\n                <\/div>\r\n            <\/div> <div class=\"img-layer_image-wrapper slide_down\" style=\"z-index: 1\">\r\n                <div class=\"img-layer_item\" style=\"transform: translate(0%, 0%);\">\r\n                    <div class=\"img-layer_image\" style=\"transition: all 800ms; transition-delay: 1200ms;\">\r\n                        <img decoding=\"async\" src=\"https:\/\/planbau.hu\/demo\/wp-content\/uploads\/2019\/07\/image-layers_6-2.png\" alt=\"image-layers_6-2\" \/>\r\n                    <\/div>\r\n                <\/div>\r\n            <\/div> <\/div>\t\t\t\t<\/div>\n\t\t\t\t<\/div>\n\t\t\t\t\t<\/div>\n\t\t<\/div>\n\t\t\t\t<div class=\"elementor-column elementor-col-50 elementor-top-column elementor-element elementor-element-d224bad\" data-id=\"d224bad\" data-element_type=\"column\">\n\t\t\t<div class=\"elementor-widget-wrap elementor-element-populated\">\n\t\t\t\t\t\t<div class=\"elementor-element elementor-element-60d44e2 elementor-widget elementor-widget-spacer\" data-id=\"60d44e2\" data-element_type=\"widget\" data-widget_type=\"spacer.default\">\n\t\t\t\t<div class=\"elementor-widget-container\">\n\t\t\t\t\t\t\t<div class=\"elementor-spacer\">\n\t\t\t<div class=\"elementor-spacer-inner\"><\/div>\n\t\t<\/div>\n\t\t\t\t\t\t<\/div>\n\t\t\t\t<\/div>\n\t\t\t\t<div class=\"elementor-element elementor-element-fef7b34 aleft elementor-widget elementor-widget-wgl-double-headings\" data-id=\"fef7b34\" data-element_type=\"widget\" data-widget_type=\"wgl-double-headings.default\">\n\t\t\t\t<div class=\"elementor-widget-container\">\n\t\t\t\t\t<div class=\"wgl-double_heading\">                <h3 class=\"dbl-title_wrapper\"><span class=\"dbl-title dbl-title_1\">K\u00f6zel<\/span> <span class=\"dbl-title dbl-title_2\">30 \u00e9ve<\/span> <span class=\"dbl-title dbl-title_3\">form\u00e1ljuk az \u00e9p\u00edtett k\u00f6rnyezetet.<\/span>                 <\/h3>        <\/div>\t\t\t\t<\/div>\n\t\t\t\t<\/div>\n\t\t\t\t<div class=\"elementor-element elementor-element-8cfc822 elementor-widget elementor-widget-text-editor\" data-id=\"8cfc822\" data-element_type=\"widget\" data-widget_type=\"text-editor.default\">\n\t\t\t\t<div class=\"elementor-widget-container\">\n\t\t\t\t\t\t\t\t\t<p>Olyan \u00e9p\u00edtett k\u00f6rnyezetet szeretn\u00e9nk l\u00e9trehozni, amely egyszerre szolg\u00e1lja az embereket \u00e9s tiszteletben tartja a term\u00e9szeti rendszereket. Hisz\u00fcnk abban, hogy a j\u00f3 \u00e9p\u00edt\u00e9szet t\u00falmutat a formai megold\u00e1sokon: a haszn\u00e1lhat\u00f3s\u00e1g, a fenntarthat\u00f3s\u00e1g \u00e9s a felel\u0151s gondolkod\u00e1s egys\u00e9ge adja meg egy projekt val\u00f3di \u00e9rt\u00e9k\u00e9t. Terveinkkel nemcsak v\u00e1laszokat szeretn\u00e9nk adni, hanem k\u00e9rd\u00e9seket is feltenni: hogyan m\u0171k\u00f6dik egy t\u00e9r, milyen folyamatokat t\u00e1mogat, \u00e9s hogyan illeszkedik hossz\u00fa t\u00e1von a k\u00f6rnyezet\u00e9hez. Ez a szeml\u00e9let vezet minket minden \u00faj feladatn\u00e1l.<\/p>\t\t\t\t\t\t\t\t<\/div>\n\t\t\t\t<\/div>\n\t\t\t\t\t<\/div>\n\t\t<\/div>\n\t\t\t\t\t<\/div>\n\t\t<\/section>\n\t\t\t\t<section class=\"elementor-section elementor-top-section elementor-element elementor-element-a90f40c elementor-section-boxed elementor-section-height-default elementor-section-height-default\" data-id=\"a90f40c\" data-element_type=\"section\">\n\t\t\t\t\t\t<div class=\"elementor-container elementor-column-gap-default\">\n\t\t\t\t\t<div class=\"elementor-column elementor-col-100 elementor-top-column elementor-element elementor-element-8ff21ad\" data-id=\"8ff21ad\" data-element_type=\"column\">\n\t\t\t<div class=\"elementor-widget-wrap elementor-element-populated\">\n\t\t\t\t\t\t<div class=\"elementor-element elementor-element-76e12ca elementor-widget elementor-widget-spacer\" data-id=\"76e12ca\" data-element_type=\"widget\" data-widget_type=\"spacer.default\">\n\t\t\t\t<div class=\"elementor-widget-container\">\n\t\t\t\t\t\t\t<div class=\"elementor-spacer\">\n\t\t\t<div class=\"elementor-spacer-inner\"><\/div>\n\t\t<\/div>\n\t\t\t\t\t\t<\/div>\n\t\t\t\t<\/div>\n\t\t\t\t\t<\/div>\n\t\t<\/div>\n\t\t\t\t\t<\/div>\n\t\t<\/section>\n\t\t\t\t<section class=\"elementor-section elementor-top-section elementor-element elementor-element-3ca8a57 wgl-add-background-text elementor-section-boxed elementor-section-height-default elementor-section-height-default wgl-animation-background-text\" data-id=\"3ca8a57\" data-element_type=\"section\">\n\t\t\t\t\t\t<div class=\"elementor-container elementor-column-gap-default\">\n\t\t\t\t\t<div class=\"elementor-column elementor-col-33 elementor-top-column elementor-element elementor-element-57c0e6c\" data-id=\"57c0e6c\" data-element_type=\"column\">\n\t\t\t<div class=\"elementor-widget-wrap\">\n\t\t\t\t\t\t\t<\/div>\n\t\t<\/div>\n\t\t\t\t<div class=\"elementor-column elementor-col-33 elementor-top-column elementor-element elementor-element-e676d40\" data-id=\"e676d40\" data-element_type=\"column\">\n\t\t\t<div class=\"elementor-widget-wrap elementor-element-populated\">\n\t\t\t\t\t\t<div class=\"elementor-element elementor-element-087062a acenter elementor-widget elementor-widget-wgl-double-headings\" data-id=\"087062a\" data-element_type=\"widget\" data-widget_type=\"wgl-double-headings.default\">\n\t\t\t\t<div class=\"elementor-widget-container\">\n\t\t\t\t\t<div class=\"wgl-double_heading\">                <h3 class=\"dbl-title_wrapper\"><span class=\"dbl-title dbl-title_1\">T\u00e1mogatjuk<\/span> <span class=\"dbl-title dbl-title_2\">Megrendel\u0151inket<\/span> <span class=\"dbl-title dbl-title_3\">a hat\u00e9konyabb, id\u0151t\u00e1ll\u00f3 d\u00f6nt\u00e9sekben<\/span>                 <\/h3>        <\/div>\t\t\t\t<\/div>\n\t\t\t\t<\/div>\n\t\t\t\t<div class=\"elementor-element elementor-element-66dde6a elementor-widget elementor-widget-text-editor\" data-id=\"66dde6a\" data-element_type=\"widget\" data-widget_type=\"text-editor.default\">\n\t\t\t\t<div class=\"elementor-widget-container\">\n\t\t\t\t\t\t\t\t\t<p style=\"text-align: center;\">A tervez\u00e9s sor\u00e1n nemcsak a mai ig\u00e9nyekre koncentr\u00e1lunk, hanem arra is, hogyan lehet az \u00e9p\u00edtett k\u00f6rnyezet hossz\u00fa t\u00e1von m\u0171k\u00f6dtethet\u0151 \u00e9s fenntarthat\u00f3. Ezzel nemcsak a megb\u00edz\u00f3k sz\u00e1m\u00e1ra biztos\u00edtunk k\u00f6lts\u00e9ghat\u00e9konys\u00e1got, hanem hozz\u00e1j\u00e1rulunk a fenntarthat\u00f3 \u00e9p\u00edt\u00e9szet fejl\u0151d\u00e9s\u00e9hez is.<\/p>\t\t\t\t\t\t\t\t<\/div>\n\t\t\t\t<\/div>\n\t\t\t\t\t<\/div>\n\t\t<\/div>\n\t\t\t\t<div class=\"elementor-column elementor-col-33 elementor-top-column elementor-element elementor-element-65dcbda\" data-id=\"65dcbda\" data-element_type=\"column\">\n\t\t\t<div class=\"elementor-widget-wrap\">\n\t\t\t\t\t\t\t<\/div>\n\t\t<\/div>\n\t\t\t\t\t<\/div>\n\t\t<\/section>\n\t\t\t\t<section class=\"elementor-section elementor-top-section elementor-element elementor-element-f6fb6c1 elementor-section-boxed elementor-section-height-default elementor-section-height-default\" data-id=\"f6fb6c1\" data-element_type=\"section\">\n\t\t\t\t\t\t<div class=\"elementor-container elementor-column-gap-default\">\n\t\t\t\t\t<div class=\"elementor-column elementor-col-100 elementor-top-column elementor-element elementor-element-ec6ee59\" data-id=\"ec6ee59\" data-element_type=\"column\">\n\t\t\t<div class=\"elementor-widget-wrap elementor-element-populated\">\n\t\t\t\t\t\t<div class=\"elementor-element elementor-element-3a52524 elementor-widget elementor-widget-spacer\" data-id=\"3a52524\" data-element_type=\"widget\" data-widget_type=\"spacer.default\">\n\t\t\t\t<div class=\"elementor-widget-container\">\n\t\t\t\t\t\t\t<div class=\"elementor-spacer\">\n\t\t\t<div class=\"elementor-spacer-inner\"><\/div>\n\t\t<\/div>\n\t\t\t\t\t\t<\/div>\n\t\t\t\t<\/div>\n\t\t\t\t\t<\/div>\n\t\t<\/div>\n\t\t\t\t\t<\/div>\n\t\t<\/section>\n\t\t\t\t<\/div>\n\t\t","protected":false},"excerpt":{"rendered":"<p>K\u00f6zel 30 \u00e9ve form\u00e1ljuk az \u00e9p\u00edtett k\u00f6rnyezetet. Olyan \u00e9p\u00edtett k\u00f6rnyezetet szeretn\u00e9nk l\u00e9trehozni, amely egyszerre szolg\u00e1lja az embereket \u00e9s tiszteletben tartja a term\u00e9szeti rendszereket. Hisz\u00fcnk abban, hogy a j\u00f3 \u00e9p\u00edt\u00e9szet t\u00falmutat a formai megold\u00e1sokon: a haszn\u00e1lhat\u00f3s\u00e1g, a fenntarthat\u00f3s\u00e1g \u00e9s a felel\u0151s gondolkod\u00e1s egys\u00e9ge adja meg egy projekt val\u00f3di \u00e9rt\u00e9k\u00e9t. Terveinkkel nemcsak v\u00e1laszokat szeretn\u00e9nk adni, hanem k\u00e9rd\u00e9seket [&hellip;]<\/p>\n","protected":false},"author":1,"featured_media":0,"parent":0,"menu_order":0,"comment_status":"closed","ping_status":"closed","template":"","meta":{"footnotes":""},"class_list":["post-1028","page","type-page","status-publish","hentry"],"meta_box":{"mb_page_sidebar_layout":"default","mb_page_sidebar_def":"","mb_page_sidebar_def_width":"9","mb_sticky_sidebar":"0","mb_sidebar_gap":"def","mb_page_colors_switch":"default","mb_page_theme_color":"#0c5adb","mb_page_theme_secondary_color":"","mb_body_background_color":"#ffffff","mb_scroll_up_bg_color":"#fc7268","mb_scroll_up_arrow_color":"#ffffff","mb_customize_logo":"default","mb_header_logo":[],"mb_logo_height_custom":"0","mb_logo_height":"50","mb_logo_sticky":[],"mb_sticky_logo_height_custom":"0","mb_sticky_logo_height":"","mb_logo_mobile":[],"mb_mobile_logo_height_custom":"0","mb_mobile_logo_height":"","mb_logo_mobile_menu":[],"mb_mobile_logo_menu_height_custom":"0","mb_mobile_logo_menu_height":"","mb_header_building_tool":"default","mb_customize_header_e":"","mb_customize_header":"default","mb_customize_header_layout":"default","mb_menu_header":"Main","mb_header_sticky":"1","mb_sticky_header_content_type":"","mb_customize_sticky_header":"","mb_mobile_menu_custom":"","mb_mobile_menu_header":"Main","mb_page_title_switch":"on","mb_page_title_bg_switch":"1","mb_page_title_bg":{"repeat":"no-repeat","size":"cover","attachment":"scroll","position":"bottom center","image":"https:\/\/planbau.hu\/demo\/wp-content\/uploads\/2019\/07\/pagetitle_8.jpg","color":"#323232"},"mb_page_title_height":"550","mb_page_title_align":"center","mb_page_title_padding":{"padding-top":"188","padding-bottom":"88"},"mb_page_title_margin":{"margin-bottom":"0"},"mb_page_title_border_switch":"0","mb_page_title_border_color":"#e5e5e5","mb_page_title_border_bottom_switch":"0","mb_page_title_border_bottom_color":"","mb_page_title_parallax":"0","mb_page_title_parallax_speed":"0.3","mb_page_change_tile_switch":"0","mb_page_change_tile":"","mb_page_title_breadcrumbs_switch":"1","mb_page_title_breadcrumbs_align":"center","mb_page_title_font":{"font-size":"48","line-height":"58","color":"#ffffff"},"mb_page_title_breadcrumbs_font":{"font-size":"16","line-height":"24","color":"#ffffff"},"mb_page_title_resp_switch":"0","mb_page_title_resp_resolution":"768","mb_page_title_resp_height":"230","mb_page_title_resp_padding":{"padding-top":"15","padding-bottom":"40"},"mb_page_title_resp_font":{"font-size":"48","line-height":"58","color":"#ffffff"},"mb_page_title_resp_breadcrumbs_switch":"1","mb_page_title_resp_breadcrumbs_font":{"font-size":"16","line-height":"24","color":"#ffffff"},"mb_customize_side_panel":"default","mb_side_panel_content_type":"widgets","mb_side_panel_page_select":"","mb_side_panel_spacing":{"padding-top":"105","padding-right":"90","padding-bottom":"105","padding-left":"90"},"mb_side_panel_title_color":"#ffffff","mb_side_panel_text_color":"#313538","mb_side_panel_bg":"#ffffff","mb_side_panel_text_alignment":"center","mb_side_panel_width":"480","mb_side_panel_position":"right","mb_customize_soc_shares":"default","mb_soc_icon_style":"standard","mb_soc_icon_position":"0","mb_soc_icon_offset":"50","mb_soc_icon_facebook":"0","mb_soc_icon_twitter":"0","mb_soc_icon_linkedin":"0","mb_soc_icon_pinterest":"0","mb_soc_icon_tumblr":"0","mb_footer_switch":"default","mb_footer_add_wave":"0","mb_footer_wave_height":"158","mb_footer_content_type":"widgets","mb_footer_page_select":"","mb_footer_spacing":{"padding-top":"90","padding-right":"0","padding-bottom":"10","padding-left":"0"},"mb_footer_bg":{"repeat":"no-repeat","size":"cover","attachment":"scroll","position":"bottom center","image":"","color":"#f2f2f4"},"mb_copyright_switch":"default","mb_copyright_editor":"Copyright \u00a9 2019 Stoni by WebGeniusLab. All Rights Reserved","mb_copyright_text_color":"#838383","mb_copyright_bg_color":"#171a1e","mb_copyright_spacing":{"padding-top":"10","padding-bottom":"10"}},"_links":{"self":[{"href":"https:\/\/planbau.hu\/demo\/wp-json\/wp\/v2\/pages\/1028","targetHints":{"allow":["GET"]}}],"collection":[{"href":"https:\/\/planbau.hu\/demo\/wp-json\/wp\/v2\/pages"}],"about":[{"href":"https:\/\/planbau.hu\/demo\/wp-json\/wp\/v2\/types\/page"}],"author":[{"embeddable":true,"href":"https:\/\/planbau.hu\/demo\/wp-json\/wp\/v2\/users\/1"}],"replies":[{"embeddable":true,"href":"https:\/\/planbau.hu\/demo\/wp-json\/wp\/v2\/comments?post=1028"}],"version-history":[{"count":16,"href":"https:\/\/planbau.hu\/demo\/wp-json\/wp\/v2\/pages\/1028\/revisions"}],"predecessor-version":[{"id":3857,"href":"https:\/\/planbau.hu\/demo\/wp-json\/wp\/v2\/pages\/1028\/revisions\/3857"}],"wp:attachment":[{"href":"https:\/\/planbau.hu\/demo\/wp-json\/wp\/v2\/media?parent=1028"}],"curies":[{"name":"wp","href":"https:\/\/api.w.org\/{rel}","templated":true}]}}