{"id":1169,"date":"2019-07-08T14:45:13","date_gmt":"2019-07-08T14:45:13","guid":{"rendered":"https:\/\/stoni.wgl-demo.net\/?page_id=1169"},"modified":"2025-12-17T09:39:23","modified_gmt":"2025-12-17T08:39:23","slug":"tortenetunk","status":"publish","type":"page","link":"https:\/\/planbau.hu\/demo\/tortenetunk\/","title":{"rendered":"T\u00f6rt\u00e9net\u00fcnk"},"content":{"rendered":"\t\t<div data-elementor-type=\"wp-post\" data-elementor-id=\"1169\" class=\"elementor elementor-1169\">\n\t\t\t\t\t\t<section class=\"elementor-section elementor-top-section elementor-element elementor-element-f7ef2be elementor-section-boxed elementor-section-height-default elementor-section-height-default\" data-id=\"f7ef2be\" data-element_type=\"section\">\n\t\t\t\t\t\t<div class=\"elementor-container elementor-column-gap-default\">\n\t\t\t\t\t<div class=\"elementor-column elementor-col-33 elementor-top-column elementor-element elementor-element-0c01d9e\" data-id=\"0c01d9e\" data-element_type=\"column\">\n\t\t\t<div class=\"elementor-widget-wrap\">\n\t\t\t\t\t\t\t<\/div>\n\t\t<\/div>\n\t\t\t\t<div class=\"elementor-column elementor-col-33 elementor-top-column elementor-element elementor-element-d4aa12e\" data-id=\"d4aa12e\" data-element_type=\"column\">\n\t\t\t<div class=\"elementor-widget-wrap elementor-element-populated\">\n\t\t\t\t\t\t<div class=\"elementor-element elementor-element-d865ea8 acenter elementor-widget elementor-widget-wgl-double-headings\" data-id=\"d865ea8\" data-element_type=\"widget\" data-widget_type=\"wgl-double-headings.default\">\n\t\t\t\t<div class=\"elementor-widget-container\">\n\t\t\t\t\t<div class=\"wgl-double_heading\">                <h3 class=\"dbl-title_wrapper\"><span class=\"dbl-title dbl-title_1\">Planbau Kft.<\/span> <span class=\"dbl-title dbl-title_2\">T\u00f6rt\u00e9net<\/span>                 <\/h3>        <\/div>\t\t\t\t<\/div>\n\t\t\t\t<\/div>\n\t\t\t\t<div class=\"elementor-element elementor-element-23c5047 elementor-widget elementor-widget-text-editor\" data-id=\"23c5047\" data-element_type=\"widget\" data-widget_type=\"text-editor.default\">\n\t\t\t\t<div class=\"elementor-widget-container\">\n\t\t\t\t\t\t\t\t\t<p class=\"\" data-start=\"442\" data-end=\"809\">C\u00e9g\u00fcnk alap\u00edt\u00f3i az 1970-es \u00e9vekben a tatab\u00e1nyai Sz\u00e9nb\u00e1ny\u00e1k Tervez\u0151 Irod\u00e1j\u00e1n\u00e1l szereztek \u00e1tfog\u00f3 tervez\u0151i tapasztalatot egy k\u00f6zel 140 f\u0151s, nagy m\u00falt\u00fa m\u00e9rn\u00f6ki k\u00f6z\u00f6ss\u00e9gben. Az ott megalapozott szakmai tud\u00e1sra \u00e9p\u00edtve 1988-t\u00f3l \u00f6n\u00e1ll\u00f3 v\u00e1llalkoz\u00f3k\u00e9nt dolgoztak tov\u00e1bb, majd 1994-ben megalap\u00edtott\u00e1k a Plan Bau Bt-t, amely 1997. janu\u00e1r 1-t\u0151l Plan Bau Kft. n\u00e9ven m\u0171k\u00f6dik tov\u00e1bb.<\/p><p class=\"\" data-start=\"811\" data-end=\"1122\">A kezdeti \u00e9vekben szoros egy\u00fcttm\u0171k\u00f6d\u00e9s alakult ki a Magyar\u2013Amerikai \u00c9p\u00edt\u0151 \u00e9s Kereskedelmi Kft-vel, amely \u00fajfajta szeml\u00e9letet hozott a tervez\u00e9s\u2013bonyol\u00edt\u00e1s\u2013kivitelez\u00e9s h\u00e1rmas egys\u00e9g\u00e9r\u0151l. Ennek eredm\u00e9nyek\u00e9nt f\u0151k\u00e9nt k\u00fclf\u00f6ldi h\u00e1tter\u0171 nagyv\u00e1llalatok ipari beruh\u00e1z\u00e1sain dolgoztunk \u2013 komplex \u00e9s el\u0151remutat\u00f3 projekteken.<\/p><p class=\"\" data-start=\"1124\" data-end=\"1387\">1998-t\u00f3l a Plan Bau Kft. \u00e1talak\u00edtotta bels\u0151 szerkezet\u00e9t, \u00e9s \u00faj ir\u00e1nyt vett: a megszerzett tapasztalatokat saj\u00e1t, hossz\u00fa t\u00e1v\u00fa szakmai v\u00edzi\u00f3val eg\u00e9sz\u00edtett\u00fck ki. Az\u00f3ta is az \u00e9p\u00edt\u0151ipari gener\u00e1ltervez\u00e9s, bonyol\u00edt\u00e1s \u00e9s m\u0171szaki ellen\u0151rz\u00e9s k\u00e9pezi tev\u00e9kenys\u00e9g\u00fcnk gerinc\u00e9t.<\/p><p class=\"\" data-start=\"1389\" data-end=\"1712\">Szakmai csapatunk stabil: t\u00f6bb \u00e9vtizedes tapasztalattal rendelkez\u0151 tervez\u0151kb\u0151l \u00e9s lend\u00fcletes, tehets\u00e9ges fiatalokb\u00f3l \u00e1ll. Az \u00e9p\u00edt\u00e9szek mellett ma m\u00e1r statikus, g\u00e9p\u00e9sz, villamos \u00e9s t\u00e1j\u00e9p\u00edt\u00e9sz tervez\u0151k is er\u0151s\u00edtik munk\u00e1nkat. Fontosnak tartjuk a tud\u00e1s \u00e1tad\u00e1s\u00e1t, ez\u00e9rt tudatosan vonjuk be a fiatal gener\u00e1ci\u00f3t is projektjeinkbe.<\/p><p class=\"\" data-start=\"1714\" data-end=\"2032\">A Plan Bau m\u0171k\u00f6d\u00e9se orsz\u00e1gos lefedetts\u00e9g\u0171. A legt\u00f6bb projekt\u00fcnkben gener\u00e1ltervez\u0151k\u00e9nt vesz\u00fcnk r\u00e9szt, \u00e9s a <em data-start=\"1820\" data-end=\"1836\">design &amp; build<\/em> t\u00edpus\u00fa egy\u00fcttm\u0171k\u00f6d\u00e9sek sem idegenek t\u0151l\u00fcnk. T\u00e1rstervez\u0151inkkel egy j\u00f3l szervezett, rugalmas csapatk\u00e9nt dolgozunk egy\u00fctt \u2013 legyen sz\u00f3 ipari l\u00e9tes\u00edtm\u00e9nyr\u0151l, k\u00f6z\u00e9p\u00fcletr\u0151l vagy \u00f6sszetett beruh\u00e1z\u00e1sr\u00f3l.<\/p>\t\t\t\t\t\t\t\t<\/div>\n\t\t\t\t<\/div>\n\t\t\t\t\t<\/div>\n\t\t<\/div>\n\t\t\t\t<div class=\"elementor-column elementor-col-33 elementor-top-column elementor-element elementor-element-d54a261\" data-id=\"d54a261\" data-element_type=\"column\">\n\t\t\t<div class=\"elementor-widget-wrap\">\n\t\t\t\t\t\t\t<\/div>\n\t\t<\/div>\n\t\t\t\t\t<\/div>\n\t\t<\/section>\n\t\t\t\t<section class=\"elementor-section elementor-top-section elementor-element elementor-element-d28aa85 elementor-section-boxed elementor-section-height-default elementor-section-height-default\" data-id=\"d28aa85\" data-element_type=\"section\">\n\t\t\t\t\t\t<div class=\"elementor-container elementor-column-gap-default\">\n\t\t\t\t\t<div class=\"elementor-column elementor-col-100 elementor-top-column elementor-element elementor-element-2f4cf9b\" data-id=\"2f4cf9b\" data-element_type=\"column\">\n\t\t\t<div class=\"elementor-widget-wrap elementor-element-populated\">\n\t\t\t\t\t\t<div class=\"elementor-element elementor-element-0907a7e elementor-widget elementor-widget-spacer\" data-id=\"0907a7e\" data-element_type=\"widget\" data-widget_type=\"spacer.default\">\n\t\t\t\t<div class=\"elementor-widget-container\">\n\t\t\t\t\t\t\t<div class=\"elementor-spacer\">\n\t\t\t<div class=\"elementor-spacer-inner\"><\/div>\n\t\t<\/div>\n\t\t\t\t\t\t<\/div>\n\t\t\t\t<\/div>\n\t\t\t\t\t<\/div>\n\t\t<\/div>\n\t\t\t\t\t<\/div>\n\t\t<\/section>\n\t\t\t\t<section class=\"elementor-section elementor-top-section elementor-element elementor-element-fbcacf5 elementor-section-boxed elementor-section-height-default elementor-section-height-default\" data-id=\"fbcacf5\" data-element_type=\"section\">\n\t\t\t\t\t\t<div class=\"elementor-container elementor-column-gap-default\">\n\t\t\t\t\t<div class=\"elementor-column elementor-col-100 elementor-top-column elementor-element elementor-element-4c32c3d\" data-id=\"4c32c3d\" data-element_type=\"column\">\n\t\t\t<div class=\"elementor-widget-wrap elementor-element-populated\">\n\t\t\t\t\t\t<div class=\"elementor-element elementor-element-2faf8b3 elementor-widget elementor-widget-wgl-time-line-vertical\" data-id=\"2faf8b3\" data-element_type=\"widget\" data-widget_type=\"wgl-time-line-vertical.default\">\n\t\t\t\t<div class=\"elementor-widget-container\">\n\t\t\t\t\t<div class=\"wgl-timeline-vertical appear_anim grayscale_anim\">            <div class=\"time_line-item \">\r\n                <div class=\"time_line-pointer\"><div class=\"time_line-point\"><\/div><\/div>\r\n                <div class=\"time_line-content\"><div class=\"time_line-image\">\r\n                            <img decoding=\"async\" src=\"https:\/\/planbau.hu\/demo\/wp-content\/uploads\/2019\/07\/timeline-7.jpg\" alt=\"timeline-7\" \/>\r\n                        <\/div>                    <h4 class=\"time_line-date\">1970<\/h4>                        <div class=\"time_line-text\" style=\"margin: 0px 0px 0px 0px\"><h5 style=\"font-size: 20px; margin-bottom: 11px; font-weight: 600;\">Alap\u00edt\u00f3ink munk\u00e1ba \u00e1llnak<\/h5><p>a Tatab\u00e1nyai Sz\u00e9nb\u00e1ny\u00e1k V\u00e1llalat Tervez\u0151 Irod\u00e1j\u00e1n\u00e1l<\/p><\/div>                <\/div>\r\n            <\/div>            <div class=\"time_line-item \">\r\n                <div class=\"time_line-pointer\"><div class=\"time_line-point\"><\/div><\/div>\r\n                <div class=\"time_line-content\"><div class=\"time_line-image\">\r\n                            <img decoding=\"async\" src=\"https:\/\/planbau.hu\/demo\/wp-content\/uploads\/2025\/05\/pexels-tiago-alves-710726839-19357343.jpg\" alt=\"pexels-tiago-alves-710726839-19357343\" \/>\r\n                        <\/div>                    <h4 class=\"time_line-date\">1988<\/h4>                        <div class=\"time_line-text\" style=\"margin: 0px 0px 0px 0px\"><h5 style=\"font-size: 20px; margin-bottom: 11px; font-weight: 600;\">\u00daj korszak kezdet\u00e9n<\/h5><p>az els\u0151 l\u00e9p\u00e9sek az \u00f6n\u00e1ll\u00f3 szakmai m\u0171k\u00f6d\u00e9s fel\u00e9<\/p><\/div>                <\/div>\r\n            <\/div>            <div class=\"time_line-item \">\r\n                <div class=\"time_line-pointer\"><div class=\"time_line-point\"><\/div><\/div>\r\n                <div class=\"time_line-content\"><div class=\"time_line-image\">\r\n                            <img decoding=\"async\" src=\"https:\/\/planbau.hu\/demo\/wp-content\/uploads\/2025\/05\/StockCake-Blueprints-in-Motion_1747140620.jpg\" alt=\"StockCake-Blueprints in Motion_1747140620\" \/>\r\n                        <\/div>                    <h4 class=\"time_line-date\">2005<\/h4>                        <div class=\"time_line-text\" style=\"margin: 0px 0px 0px 0px\"><h5 style=\"font-size: 20px; margin-bottom: 11px; font-weight: 600;\">Planbau Bt. megalap\u00edt\u00e1sa<\/h5><p>a k\u00f6z\u00f6s szakmai \u00fat form\u00e1lis keretet kap<\/p><\/div>                <\/div>\r\n            <\/div>            <div class=\"time_line-item \">\r\n                <div class=\"time_line-pointer\"><div class=\"time_line-point\"><\/div><\/div>\r\n                <div class=\"time_line-content\"><div class=\"time_line-image\">\r\n                            <img decoding=\"async\" src=\"https:\/\/planbau.hu\/demo\/wp-content\/uploads\/2025\/05\/StockCake-Nations-In-Silhouette_1747141131.jpg\" alt=\"StockCake-Nations In Silhouette_1747141131\" \/>\r\n                        <\/div>                    <h4 class=\"time_line-date\">2008<\/h4>                        <div class=\"time_line-text\" style=\"margin: 0px 0px 0px 0px\"><h5 style=\"font-size: 20px; margin-bottom: 11px; font-weight: 600;\">Nemzetk\u00f6zi szeml\u00e9let<\/h5><p>egy\u00fcttm\u0171k\u00f6d\u00e9s a MA\u00c9K-kel, ipari nagyberuh\u00e1z\u00e1sokban val\u00f3 r\u00e9szv\u00e9tel<\/p><\/div>                <\/div>\r\n            <\/div>            <div class=\"time_line-item \">\r\n                <div class=\"time_line-pointer\"><div class=\"time_line-point\"><\/div><\/div>\r\n                <div class=\"time_line-content\"><div class=\"time_line-image\">\r\n                            <img decoding=\"async\" src=\"https:\/\/planbau.hu\/demo\/wp-content\/uploads\/2025\/05\/StockCake-Official-Document-Signing_1747142330.jpg\" alt=\"StockCake-Official Document Signing_1747142330\" \/>\r\n                        <\/div>                    <h4 class=\"time_line-date\">2016<\/h4>                        <div class=\"time_line-text\" style=\"margin: 0px 0px 0px 0px\"><h5 style=\"font-size: 20px; margin-bottom: 11px; font-weight: 600;\">Kft-v\u00e9 alakul\u00e1s<\/h5><p>szervezeti \u00e1talakul\u00e1s r\u00e9v\u00e9n a c\u00e9g \u00faj jogi form\u00e1ban<\/p><\/div>                <\/div>\r\n            <\/div>            <div class=\"time_line-item \">\r\n                <div class=\"time_line-pointer\"><div class=\"time_line-point\"><\/div><\/div>\r\n                <div class=\"time_line-content\"><div class=\"time_line-image\">\r\n                            <img decoding=\"async\" src=\"https:\/\/planbau.hu\/demo\/wp-content\/uploads\/2025\/05\/StockCake-Architects-Planning-Project_1747142466.jpg\" alt=\"StockCake-Architects Planning Project_1747142466\" \/>\r\n                        <\/div>                    <h4 class=\"time_line-date\">2019<\/h4>                        <div class=\"time_line-text\" style=\"margin: 0px 0px 0px 0px\"><h5 style=\"font-size: 20px; margin-bottom: 11px; font-weight: 600;\">Saj\u00e1t szakmai v\u00edzi\u00f3<\/h5><p>a gener\u00e1ltervez\u0151i \u00e9s bonyol\u00edt\u00f3i tev\u00e9kenys\u00e9g meger\u0151s\u00f6d\u00e9se<\/p><\/div>                <\/div>\r\n            <\/div><\/div>\t\t\t\t<\/div>\n\t\t\t\t<\/div>\n\t\t\t\t\t<\/div>\n\t\t<\/div>\n\t\t\t\t\t<\/div>\n\t\t<\/section>\n\t\t\t\t<\/div>\n\t\t","protected":false},"excerpt":{"rendered":"<p>Planbau Kft. T\u00f6rt\u00e9net C\u00e9g\u00fcnk alap\u00edt\u00f3i az 1970-es \u00e9vekben a tatab\u00e1nyai Sz\u00e9nb\u00e1ny\u00e1k Tervez\u0151 Irod\u00e1j\u00e1n\u00e1l szereztek \u00e1tfog\u00f3 tervez\u0151i tapasztalatot egy k\u00f6zel 140 f\u0151s, nagy m\u00falt\u00fa m\u00e9rn\u00f6ki k\u00f6z\u00f6ss\u00e9gben. Az ott megalapozott szakmai tud\u00e1sra \u00e9p\u00edtve 1988-t\u00f3l \u00f6n\u00e1ll\u00f3 v\u00e1llalkoz\u00f3k\u00e9nt dolgoztak tov\u00e1bb, majd 1994-ben megalap\u00edtott\u00e1k a Plan Bau Bt-t, amely 1997. janu\u00e1r 1-t\u0151l Plan Bau Kft. n\u00e9ven m\u0171k\u00f6dik tov\u00e1bb. A kezdeti [&hellip;]<\/p>\n","protected":false},"author":1,"featured_media":0,"parent":0,"menu_order":0,"comment_status":"closed","ping_status":"closed","template":"","meta":{"footnotes":""},"class_list":["post-1169","page","type-page","status-publish","hentry"],"meta_box":{"mb_page_sidebar_layout":"default","mb_page_sidebar_def":"","mb_page_sidebar_def_width":"9","mb_sticky_sidebar":"0","mb_sidebar_gap":"def","mb_page_colors_switch":"default","mb_page_theme_color":"#0c5adb","mb_page_theme_secondary_color":"","mb_body_background_color":"#ffffff","mb_scroll_up_bg_color":"#fc7268","mb_scroll_up_arrow_color":"#ffffff","mb_customize_logo":"default","mb_header_logo":[],"mb_logo_height_custom":"0","mb_logo_height":"50","mb_logo_sticky":[],"mb_sticky_logo_height_custom":"0","mb_sticky_logo_height":"","mb_logo_mobile":[],"mb_mobile_logo_height_custom":"0","mb_mobile_logo_height":"","mb_logo_mobile_menu":[],"mb_mobile_logo_menu_height_custom":"0","mb_mobile_logo_menu_height":"","mb_header_building_tool":"default","mb_customize_header_e":"","mb_customize_header":"default","mb_customize_header_layout":"default","mb_menu_header":"Main","mb_header_sticky":"1","mb_sticky_header_content_type":"","mb_customize_sticky_header":"","mb_mobile_menu_custom":"","mb_mobile_menu_header":"Main","mb_page_title_switch":"on","mb_page_title_bg_switch":"1","mb_page_title_bg":{"repeat":"no-repeat","size":"cover","attachment":"scroll","position":"bottom center","image":"https:\/\/planbau.hu\/demo\/wp-content\/uploads\/2019\/07\/pagetitle_9.jpg","color":"#323232"},"mb_page_title_height":"550","mb_page_title_align":"center","mb_page_title_padding":{"padding-top":"188","padding-bottom":"88"},"mb_page_title_margin":{"margin-bottom":"48"},"mb_page_title_border_switch":"0","mb_page_title_border_color":"#e5e5e5","mb_page_title_border_bottom_switch":"0","mb_page_title_border_bottom_color":"","mb_page_title_parallax":"0","mb_page_title_parallax_speed":"0.3","mb_page_change_tile_switch":"0","mb_page_change_tile":"","mb_page_title_breadcrumbs_switch":"1","mb_page_title_breadcrumbs_align":"center","mb_page_title_font":{"font-size":"48","line-height":"58","color":"#ffffff"},"mb_page_title_breadcrumbs_font":{"font-size":"16","line-height":"24","color":"#ffffff"},"mb_page_title_resp_switch":"0","mb_page_title_resp_resolution":"768","mb_page_title_resp_height":"230","mb_page_title_resp_padding":{"padding-top":"15","padding-bottom":"40"},"mb_page_title_resp_font":{"font-size":"48","line-height":"58","color":"#ffffff"},"mb_page_title_resp_breadcrumbs_switch":"1","mb_page_title_resp_breadcrumbs_font":{"font-size":"16","line-height":"24","color":"#ffffff"},"mb_customize_side_panel":"default","mb_side_panel_content_type":"widgets","mb_side_panel_page_select":"","mb_side_panel_spacing":{"padding-top":"105","padding-right":"90","padding-bottom":"105","padding-left":"90"},"mb_side_panel_title_color":"#ffffff","mb_side_panel_text_color":"#313538","mb_side_panel_bg":"#ffffff","mb_side_panel_text_alignment":"center","mb_side_panel_width":"480","mb_side_panel_position":"right","mb_customize_soc_shares":"default","mb_soc_icon_style":"standard","mb_soc_icon_position":"0","mb_soc_icon_offset":"50","mb_soc_icon_facebook":"0","mb_soc_icon_twitter":"0","mb_soc_icon_linkedin":"0","mb_soc_icon_pinterest":"0","mb_soc_icon_tumblr":"0","mb_footer_switch":"default","mb_footer_add_wave":"0","mb_footer_wave_height":"158","mb_footer_content_type":"widgets","mb_footer_page_select":"","mb_footer_spacing":{"padding-top":"90","padding-right":"0","padding-bottom":"10","padding-left":"0"},"mb_footer_bg":{"repeat":"no-repeat","size":"cover","attachment":"scroll","position":"bottom center","image":"","color":"#f2f2f4"},"mb_copyright_switch":"default","mb_copyright_editor":"Copyright \u00a9 2019 Stoni by WebGeniusLab. All Rights Reserved","mb_copyright_text_color":"#838383","mb_copyright_bg_color":"#171a1e","mb_copyright_spacing":{"padding-top":"10","padding-bottom":"10"}},"_links":{"self":[{"href":"https:\/\/planbau.hu\/demo\/wp-json\/wp\/v2\/pages\/1169","targetHints":{"allow":["GET"]}}],"collection":[{"href":"https:\/\/planbau.hu\/demo\/wp-json\/wp\/v2\/pages"}],"about":[{"href":"https:\/\/planbau.hu\/demo\/wp-json\/wp\/v2\/types\/page"}],"author":[{"embeddable":true,"href":"https:\/\/planbau.hu\/demo\/wp-json\/wp\/v2\/users\/1"}],"replies":[{"embeddable":true,"href":"https:\/\/planbau.hu\/demo\/wp-json\/wp\/v2\/comments?post=1169"}],"version-history":[{"count":13,"href":"https:\/\/planbau.hu\/demo\/wp-json\/wp\/v2\/pages\/1169\/revisions"}],"predecessor-version":[{"id":3490,"href":"https:\/\/planbau.hu\/demo\/wp-json\/wp\/v2\/pages\/1169\/revisions\/3490"}],"wp:attachment":[{"href":"https:\/\/planbau.hu\/demo\/wp-json\/wp\/v2\/media?parent=1169"}],"curies":[{"name":"wp","href":"https:\/\/api.w.org\/{rel}","templated":true}]}}