{"id":3896,"date":"2025-12-17T09:56:51","date_gmt":"2025-12-17T08:56:51","guid":{"rendered":"https:\/\/planbau.hu\/demo\/?page_id=3896"},"modified":"2025-12-17T09:56:53","modified_gmt":"2025-12-17T08:56:53","slug":"portfolio-2","status":"publish","type":"page","link":"https:\/\/planbau.hu\/demo\/en\/portfolio-2\/","title":{"rendered":"Portfolio"},"content":{"rendered":"\t\t<div data-elementor-type=\"wp-post\" data-elementor-id=\"3896\" class=\"elementor elementor-3896\">\n\t\t\t\t\t\t<section class=\"elementor-section elementor-top-section elementor-element elementor-element-471de89 wgl-add-background-text elementor-section-boxed elementor-section-height-default elementor-section-height-default wgl-animation-background-text\" data-id=\"471de89\" data-element_type=\"section\">\n\t\t\t\t\t\t<div class=\"elementor-container elementor-column-gap-default\">\n\t\t\t\t\t<div class=\"elementor-column elementor-col-100 elementor-top-column elementor-element elementor-element-fae8965\" data-id=\"fae8965\" data-element_type=\"column\">\n\t\t\t<div class=\"elementor-widget-wrap elementor-element-populated\">\n\t\t\t\t\t\t<div class=\"elementor-element elementor-element-809532e elementor-widget elementor-widget-spacer\" data-id=\"809532e\" data-element_type=\"widget\" data-widget_type=\"spacer.default\">\n\t\t\t\t<div class=\"elementor-widget-container\">\n\t\t\t\t\t\t\t<div class=\"elementor-spacer\">\n\t\t\t<div class=\"elementor-spacer-inner\"><\/div>\n\t\t<\/div>\n\t\t\t\t\t\t<\/div>\n\t\t\t\t<\/div>\n\t\t\t\t<div class=\"elementor-element elementor-element-9df132d acenter elementor-widget elementor-widget-wgl-double-headings\" data-id=\"9df132d\" data-element_type=\"widget\" data-widget_type=\"wgl-double-headings.default\">\n\t\t\t\t<div class=\"elementor-widget-container\">\n\t\t\t\t\t<div class=\"wgl-double_heading\">                <h3 class=\"dbl-title_wrapper\"><span class=\"dbl-title dbl-title_1\">Tekintse meg<\/span> <span class=\"dbl-title dbl-title_2\">munk\u00e1inkat<\/span>                 <\/h3>        <\/div>\t\t\t\t<\/div>\n\t\t\t\t<\/div>\n\t\t\t\t<section class=\"elementor-section elementor-inner-section elementor-element elementor-element-c5b439e elementor-section-boxed elementor-section-height-default elementor-section-height-default\" data-id=\"c5b439e\" data-element_type=\"section\">\n\t\t\t\t\t\t<div class=\"elementor-container elementor-column-gap-default\">\n\t\t\t\t\t<div class=\"elementor-column elementor-col-33 elementor-inner-column elementor-element elementor-element-dc6c916\" data-id=\"dc6c916\" data-element_type=\"column\">\n\t\t\t<div class=\"elementor-widget-wrap\">\n\t\t\t\t\t\t\t<\/div>\n\t\t<\/div>\n\t\t\t\t<div class=\"elementor-column elementor-col-33 elementor-inner-column elementor-element elementor-element-415074e\" data-id=\"415074e\" data-element_type=\"column\">\n\t\t\t<div class=\"elementor-widget-wrap elementor-element-populated\">\n\t\t\t\t\t\t<div class=\"elementor-element elementor-element-afcad5e elementor-widget elementor-widget-text-editor\" data-id=\"afcad5e\" data-element_type=\"widget\" data-widget_type=\"text-editor.default\">\n\t\t\t\t<div class=\"elementor-widget-container\">\n\t\t\t\t\t\t\t\t\t<p style=\"text-align: center;\">Portf\u00f3li\u00f3nk a szakmai \u00fat lenyomata \u2013 koncepci\u00f3t\u00f3l a megval\u00f3s\u00edt\u00e1sig. Projektek, amelyek m\u00f6g\u00f6tt \u00e1tgondolt tervez\u00e9s \u00e9s gyakorlati tapasztalat \u00e1ll.<\/p>\t\t\t\t\t\t\t\t<\/div>\n\t\t\t\t<\/div>\n\t\t\t\t\t<\/div>\n\t\t<\/div>\n\t\t\t\t<div class=\"elementor-column elementor-col-33 elementor-inner-column elementor-element elementor-element-e875efe\" data-id=\"e875efe\" data-element_type=\"column\">\n\t\t\t<div class=\"elementor-widget-wrap\">\n\t\t\t\t\t\t\t<\/div>\n\t\t<\/div>\n\t\t\t\t\t<\/div>\n\t\t<\/section>\n\t\t\t\t<div class=\"elementor-element elementor-element-69897ba elementor-widget elementor-widget-wgl-portfolio\" data-id=\"69897ba\" data-element_type=\"widget\" data-widget_type=\"wgl-portfolio.default\">\n\t\t\t\t<div class=\"elementor-widget-container\">\n\t\t\t\t\t<section class=\"wgl_cpt_section\"><div class=\"wgl-portfolio\" id=\"portfolio_module_69e037255fb9f\"><div class=\"portfolio__filter isotope-filter filter-center\"><a href=\"#\" data-filter=\".item\" class=\"active\">\u00d6sszes<span class=\"number_filter\"><\/span><\/a><a href=\"https:\/\/planbau.hu\/demo\/en\/portfolio-category\/ipari\/\" data-filter=\".ipari\">Ipari<span class=\"number_filter\"><\/span><\/a><a href=\"https:\/\/planbau.hu\/demo\/en\/portfolio-category\/kozepulet\/\" data-filter=\".kozepulet\">K\u00f6z\u00e9p\u00fclet<span class=\"number_filter\"><\/span><\/a><a href=\"https:\/\/planbau.hu\/demo\/en\/portfolio-category\/lakoepulet\/\" data-filter=\".lakoepulet\">Lak\u00f3\u00e9p\u00fclet<span class=\"number_filter\"><\/span><\/a><\/div><div class=\"wgl-portfolio_wrapper\"><div class=\"wgl-portfolio_container container-grid row isotope portfolio_columns-3 appear-animation anim-slide-left\"  style=\"margin-right:-15px; margin-left:-15px; margin-bottom:-30px;\"><article class=\"wgl-portfolio-list_item item wgl_col-4 ipari\"  style=\"padding-right:15px; padding-left:15px; padding-bottom:30px\"><div class=\"wgl-portfolio-item_wrapper under_image h_align_center\"><div class=\"wgl-portfolio-item_image\"><img decoding=\"async\"  src=\"https:\/\/planbau.hu\/demo\/wp-content\/uploads\/2019\/06\/MG_8478-5-740x740.jpg\"  alt=\"\" \/><div class=\"overlay\"><\/div><a href='https:\/\/planbau.hu\/demo\/en\/portfolio\/artesyn-delphi\/' class='portfolio_link single_link'><i class='portfolio_link-icon flaticon-right-arrow'><\/i><\/a><\/div><div class=\"wgl-portfolio-item_description\"><div class=\"wgl-portfolio-item_description-inner\"><div class=\"wgl-portfolio-item_title\"><h4 class=\"title\"><a href=\"https:\/\/planbau.hu\/demo\/en\/portfolio\/artesyn-delphi\/\">Artesyn-Delphi<\/a><\/h4><\/div><div class=\"wgl-portfolio-item_meta\"><span class=\"post_cats\"><a href=https:\/\/planbau.hu\/demo\/en\/portfolio-category\/ipari\/ class=\"portfolio-category\">Ipari<\/a><\/span><\/div><\/div><\/div><\/div><\/article><article class=\"wgl-portfolio-list_item item wgl_col-4 ipari\"  style=\"padding-right:15px; padding-left:15px; padding-bottom:30px\"><div class=\"wgl-portfolio-item_wrapper under_image h_align_center\"><div class=\"wgl-portfolio-item_image\"><img decoding=\"async\"  src=\"https:\/\/planbau.hu\/demo\/wp-content\/uploads\/2019\/06\/becom-740x740.jpg\"  alt=\"\" \/><div class=\"overlay\"><\/div><a href='https:\/\/planbau.hu\/demo\/en\/portfolio\/becom\/' class='portfolio_link single_link'><i class='portfolio_link-icon flaticon-right-arrow'><\/i><\/a><\/div><div class=\"wgl-portfolio-item_description\"><div class=\"wgl-portfolio-item_description-inner\"><div class=\"wgl-portfolio-item_title\"><h4 class=\"title\"><a href=\"https:\/\/planbau.hu\/demo\/en\/portfolio\/becom\/\">Becom<\/a><\/h4><\/div><div class=\"wgl-portfolio-item_meta\"><span class=\"post_cats\"><a href=https:\/\/planbau.hu\/demo\/en\/portfolio-category\/ipari\/ class=\"portfolio-category\">Ipari<\/a><\/span><\/div><\/div><\/div><\/div><\/article><article class=\"wgl-portfolio-list_item item wgl_col-4 lakoepulet\"  style=\"padding-right:15px; padding-left:15px; padding-bottom:30px\"><div class=\"wgl-portfolio-item_wrapper under_image h_align_center\"><div class=\"wgl-portfolio-item_image\"><img decoding=\"async\"  src=\"https:\/\/planbau.hu\/demo\/wp-content\/uploads\/2019\/06\/MG_9621-740x740.jpg\"  alt=\"\" \/><div class=\"overlay\"><\/div><a href='https:\/\/planbau.hu\/demo\/en\/portfolio\/arpadtomb\/' class='portfolio_link single_link'><i class='portfolio_link-icon flaticon-right-arrow'><\/i><\/a><\/div><div class=\"wgl-portfolio-item_description\"><div class=\"wgl-portfolio-item_description-inner\"><div class=\"wgl-portfolio-item_title\"><h4 class=\"title\"><a href=\"https:\/\/planbau.hu\/demo\/en\/portfolio\/arpadtomb\/\">\u00c1rp\u00e1d t\u00f6mb &#8211; Gy\u0151r<\/a><\/h4><\/div><div class=\"wgl-portfolio-item_meta\"><span class=\"post_cats\"><a href=https:\/\/planbau.hu\/demo\/en\/portfolio-category\/lakoepulet\/ class=\"portfolio-category\">Lak\u00f3\u00e9p\u00fclet<\/a><\/span><\/div><\/div><\/div><\/div><\/article><article class=\"wgl-portfolio-list_item item wgl_col-4 ipari\"  style=\"padding-right:15px; padding-left:15px; padding-bottom:30px\"><div class=\"wgl-portfolio-item_wrapper under_image h_align_center\"><div class=\"wgl-portfolio-item_image\"><img decoding=\"async\"  src=\"https:\/\/planbau.hu\/demo\/wp-content\/uploads\/2019\/06\/BW-740x740.jpg\"  alt=\"\" \/><div class=\"overlay\"><\/div><a href='https:\/\/planbau.hu\/demo\/en\/portfolio\/borgwarner\/' class='portfolio_link single_link'><i class='portfolio_link-icon flaticon-right-arrow'><\/i><\/a><\/div><div class=\"wgl-portfolio-item_description\"><div class=\"wgl-portfolio-item_description-inner\"><div class=\"wgl-portfolio-item_title\"><h4 class=\"title\"><a href=\"https:\/\/planbau.hu\/demo\/en\/portfolio\/borgwarner\/\">BorgWarner Oroszl\u00e1ny<\/a><\/h4><\/div><div class=\"wgl-portfolio-item_meta\"><span class=\"post_cats\"><a href=https:\/\/planbau.hu\/demo\/en\/portfolio-category\/ipari\/ class=\"portfolio-category\">Ipari<\/a><\/span><\/div><\/div><\/div><\/div><\/article><article class=\"wgl-portfolio-list_item item wgl_col-4 ipari\"  style=\"padding-right:15px; padding-left:15px; padding-bottom:30px\"><div class=\"wgl-portfolio-item_wrapper under_image h_align_center\"><div class=\"wgl-portfolio-item_image\"><img decoding=\"async\"  src=\"https:\/\/planbau.hu\/demo\/wp-content\/uploads\/2019\/06\/zenon-2-740x740.jpg\"  alt=\"\" \/><div class=\"overlay\"><\/div><a href='https:\/\/planbau.hu\/demo\/en\/portfolio\/zenonveolia\/' class='portfolio_link single_link'><i class='portfolio_link-icon flaticon-right-arrow'><\/i><\/a><\/div><div class=\"wgl-portfolio-item_description\"><div class=\"wgl-portfolio-item_description-inner\"><div class=\"wgl-portfolio-item_title\"><h4 class=\"title\"><a href=\"https:\/\/planbau.hu\/demo\/en\/portfolio\/zenonveolia\/\">Zenon Oroszl\u00e1ny &#8211; Veolia<\/a><\/h4><\/div><div class=\"wgl-portfolio-item_meta\"><span class=\"post_cats\"><a href=https:\/\/planbau.hu\/demo\/en\/portfolio-category\/ipari\/ class=\"portfolio-category\">Ipari<\/a><\/span><\/div><\/div><\/div><\/div><\/article><article class=\"wgl-portfolio-list_item item wgl_col-4 kozepulet\"  style=\"padding-right:15px; padding-left:15px; padding-bottom:30px\"><div class=\"wgl-portfolio-item_wrapper under_image h_align_center\"><div class=\"wgl-portfolio-item_image\"><img decoding=\"async\"  src=\"https:\/\/planbau.hu\/demo\/wp-content\/uploads\/2019\/06\/kornye-1-740x740.jpg\"  alt=\"\" \/><div class=\"overlay\"><\/div><a href='https:\/\/planbau.hu\/demo\/en\/portfolio\/vackorovoda\/' class='portfolio_link single_link'><i class='portfolio_link-icon flaticon-right-arrow'><\/i><\/a><\/div><div class=\"wgl-portfolio-item_description\"><div class=\"wgl-portfolio-item_description-inner\"><div class=\"wgl-portfolio-item_title\"><h4 class=\"title\"><a href=\"https:\/\/planbau.hu\/demo\/en\/portfolio\/vackorovoda\/\">Vackor \u00d3voda K\u00f6rnye<\/a><\/h4><\/div><div class=\"wgl-portfolio-item_meta\"><span class=\"post_cats\"><a href=https:\/\/planbau.hu\/demo\/en\/portfolio-category\/kozepulet\/ class=\"portfolio-category\">K\u00f6z\u00e9p\u00fclet<\/a><\/span><\/div><\/div><\/div><\/div><\/article><article class=\"wgl-portfolio-list_item item wgl_col-4 ipari\"  style=\"padding-right:15px; padding-left:15px; padding-bottom:30px\"><div class=\"wgl-portfolio-item_wrapper under_image h_align_center\"><div class=\"wgl-portfolio-item_image\"><img decoding=\"async\"  src=\"https:\/\/planbau.hu\/demo\/wp-content\/uploads\/2019\/06\/pannonlaser-3-740x740.jpg\"  alt=\"\" \/><div class=\"overlay\"><\/div><a href='https:\/\/planbau.hu\/demo\/en\/portfolio\/pannonlezer\/' class='portfolio_link single_link'><i class='portfolio_link-icon flaticon-right-arrow'><\/i><\/a><\/div><div class=\"wgl-portfolio-item_description\"><div class=\"wgl-portfolio-item_description-inner\"><div class=\"wgl-portfolio-item_title\"><h4 class=\"title\"><a href=\"https:\/\/planbau.hu\/demo\/en\/portfolio\/pannonlezer\/\">Pannon L\u00e9zerm\u0171hely<\/a><\/h4><\/div><div class=\"wgl-portfolio-item_meta\"><span class=\"post_cats\"><a href=https:\/\/planbau.hu\/demo\/en\/portfolio-category\/ipari\/ class=\"portfolio-category\">Ipari<\/a><\/span><\/div><\/div><\/div><\/div><\/article><article class=\"wgl-portfolio-list_item item wgl_col-4 lakoepulet\"  style=\"padding-right:15px; padding-left:15px; padding-bottom:30px\"><div class=\"wgl-portfolio-item_wrapper under_image h_align_center\"><div class=\"wgl-portfolio-item_image\"><img decoding=\"async\"  src=\"https:\/\/planbau.hu\/demo\/wp-content\/uploads\/2019\/06\/millenium-740x740.jpg\"  alt=\"\" \/><div class=\"overlay\"><\/div><a href='https:\/\/planbau.hu\/demo\/en\/portfolio\/millenium\/' class='portfolio_link single_link'><i class='portfolio_link-icon flaticon-right-arrow'><\/i><\/a><\/div><div class=\"wgl-portfolio-item_description\"><div class=\"wgl-portfolio-item_description-inner\"><div class=\"wgl-portfolio-item_title\"><h4 class=\"title\"><a href=\"https:\/\/planbau.hu\/demo\/en\/portfolio\/millenium\/\">Millenium lak\u00f3park<\/a><\/h4><\/div><div class=\"wgl-portfolio-item_meta\"><span class=\"post_cats\"><a href=https:\/\/planbau.hu\/demo\/en\/portfolio-category\/lakoepulet\/ class=\"portfolio-category\">Lak\u00f3\u00e9p\u00fclet<\/a><\/span><\/div><\/div><\/div><\/div><\/article><article class=\"wgl-portfolio-list_item item wgl_col-4 kozepulet\"  style=\"padding-right:15px; padding-left:15px; padding-bottom:30px\"><div class=\"wgl-portfolio-item_wrapper under_image h_align_center\"><div class=\"wgl-portfolio-item_image\"><img decoding=\"async\"  src=\"https:\/\/planbau.hu\/demo\/wp-content\/uploads\/2019\/06\/kzsg-1-740x740.jpg\"  alt=\"\" \/><div class=\"overlay\"><\/div><a href='https:\/\/planbau.hu\/demo\/en\/portfolio\/kozseghaza\/' class='portfolio_link single_link'><i class='portfolio_link-icon flaticon-right-arrow'><\/i><\/a><\/div><div class=\"wgl-portfolio-item_description\"><div class=\"wgl-portfolio-item_description-inner\"><div class=\"wgl-portfolio-item_title\"><h4 class=\"title\"><a href=\"https:\/\/planbau.hu\/demo\/en\/portfolio\/kozseghaza\/\">Tatab\u00e1nya K\u00f6zs\u00e9gh\u00e1za<\/a><\/h4><\/div><div class=\"wgl-portfolio-item_meta\"><span class=\"post_cats\"><a href=https:\/\/planbau.hu\/demo\/en\/portfolio-category\/kozepulet\/ class=\"portfolio-category\">K\u00f6z\u00e9p\u00fclet<\/a><\/span><\/div><\/div><\/div><\/div><\/article><\/div><\/div><ul class=\"wgl-pagination acenter\"><li class=\"page\"><span aria-current=\"page\" class=\"page-numbers current\">1<\/span><\/li><li class=\"page\"><a class=\"page-numbers\" href=\"https:\/\/planbau.hu\/demo\/wp-json\/wp\/v2\/pages\/3896\/page\/2\/\">2<\/a><\/li><li class=\"page\"><a class=\"next page-numbers\" href=\"https:\/\/planbau.hu\/demo\/wp-json\/wp\/v2\/pages\/3896\/page\/2\/\"><i class=\"fa fa-angle-right\"><\/i><\/a><\/li><\/ul><\/div><\/section>\t\t\t\t<\/div>\n\t\t\t\t<\/div>\n\t\t\t\t<div class=\"elementor-element elementor-element-ff6ce50 elementor-widget elementor-widget-spacer\" data-id=\"ff6ce50\" data-element_type=\"widget\" data-widget_type=\"spacer.default\">\n\t\t\t\t<div class=\"elementor-widget-container\">\n\t\t\t\t\t\t\t<div class=\"elementor-spacer\">\n\t\t\t<div class=\"elementor-spacer-inner\"><\/div>\n\t\t<\/div>\n\t\t\t\t\t\t<\/div>\n\t\t\t\t<\/div>\n\t\t\t\t\t<\/div>\n\t\t<\/div>\n\t\t\t\t\t<\/div>\n\t\t<\/section>\n\t\t\t\t<\/div>\n\t\t","protected":false},"excerpt":{"rendered":"","protected":false},"author":1,"featured_media":0,"parent":0,"menu_order":0,"comment_status":"closed","ping_status":"closed","template":"","meta":{"footnotes":""},"class_list":["post-3896","page","type-page","status-publish","hentry"],"meta_box":{"mb_page_sidebar_layout":"default","mb_page_sidebar_def":"","mb_page_sidebar_def_width":"9","mb_sticky_sidebar":"0","mb_sidebar_gap":"def","mb_page_colors_switch":"default","mb_page_theme_color":"#0c5adb","mb_page_theme_secondary_color":"","mb_body_background_color":"#ffffff","mb_scroll_up_bg_color":"#fc7268","mb_scroll_up_arrow_color":"#ffffff","mb_customize_logo":"default","mb_header_logo":[],"mb_logo_height_custom":"0","mb_logo_height":"50","mb_logo_sticky":[],"mb_sticky_logo_height_custom":"0","mb_sticky_logo_height":"","mb_logo_mobile":[],"mb_mobile_logo_height_custom":"0","mb_mobile_logo_height":"","mb_logo_mobile_menu":[],"mb_mobile_logo_menu_height_custom":"0","mb_mobile_logo_menu_height":"","mb_header_building_tool":"default","mb_customize_header_e":"","mb_customize_header":"default","mb_customize_header_layout":"default","mb_menu_header":"Main","mb_header_sticky":"1","mb_sticky_header_content_type":"","mb_customize_sticky_header":"","mb_mobile_menu_custom":"","mb_mobile_menu_header":"Main","mb_page_title_switch":"on","mb_page_title_bg_switch":"1","mb_page_title_bg":{"repeat":"no-repeat","size":"cover","attachment":"scroll","position":"bottom center","image":"https:\/\/planbau.hu\/demo\/wp-content\/uploads\/2025\/06\/DJI_0018-scaled.jpg","color":"#323232"},"mb_page_title_height":"550","mb_page_title_align":"center","mb_page_title_padding":{"padding-top":"188","padding-bottom":"88"},"mb_page_title_margin":{"margin-bottom":"40"},"mb_page_title_border_switch":"0","mb_page_title_border_color":"#e5e5e5","mb_page_title_border_bottom_switch":"0","mb_page_title_border_bottom_color":"","mb_page_title_parallax":"0","mb_page_title_parallax_speed":"0.3","mb_page_change_tile_switch":"0","mb_page_change_tile":"","mb_page_title_breadcrumbs_switch":"1","mb_page_title_breadcrumbs_align":"center","mb_page_title_font":{"font-size":"48","line-height":"58","color":"#ffffff"},"mb_page_title_breadcrumbs_font":{"font-size":"16","line-height":"24","color":"#ffffff"},"mb_page_title_resp_switch":"0","mb_page_title_resp_resolution":"768","mb_page_title_resp_height":"230","mb_page_title_resp_padding":{"padding-top":"15","padding-bottom":"40"},"mb_page_title_resp_font":{"font-size":"42","line-height":"72","color":"#292929"},"mb_page_title_resp_breadcrumbs_switch":"1","mb_page_title_resp_breadcrumbs_font":{"font-size":"14","line-height":"24","color":"#9a9a9a"},"mb_customize_side_panel":"default","mb_side_panel_content_type":"","mb_side_panel_page_select":"","mb_side_panel_spacing":{"padding-top":"","padding-right":"","padding-bottom":"","padding-left":""},"mb_side_panel_title_color":"","mb_side_panel_text_color":"#313538","mb_side_panel_bg":"#ffffff","mb_side_panel_text_alignment":"center","mb_side_panel_width":"480","mb_side_panel_position":"right","mb_customize_soc_shares":"off","mb_soc_icon_style":"standard","mb_soc_icon_position":"0","mb_soc_icon_offset":"50","mb_soc_icon_facebook":"0","mb_soc_icon_twitter":"0","mb_soc_icon_linkedin":"0","mb_soc_icon_pinterest":"0","mb_soc_icon_tumblr":"0","mb_footer_switch":"default","mb_footer_add_wave":"0","mb_footer_wave_height":"158","mb_footer_content_type":"widgets","mb_footer_page_select":"","mb_footer_spacing":{"padding-top":"90","padding-right":"0","padding-bottom":"10","padding-left":"0"},"mb_footer_bg":{"repeat":"no-repeat","size":"cover","attachment":"scroll","position":"bottom center","image":"","color":"#f2f2f4"},"mb_copyright_switch":"default","mb_copyright_editor":"Copyright \u00a9 2019 Stoni by WebGeniusLab. All Rights Reserved","mb_copyright_text_color":"#838383","mb_copyright_bg_color":"#171a1e","mb_copyright_spacing":{"padding-top":"10","padding-bottom":"10"}},"_links":{"self":[{"href":"https:\/\/planbau.hu\/demo\/wp-json\/wp\/v2\/pages\/3896","targetHints":{"allow":["GET"]}}],"collection":[{"href":"https:\/\/planbau.hu\/demo\/wp-json\/wp\/v2\/pages"}],"about":[{"href":"https:\/\/planbau.hu\/demo\/wp-json\/wp\/v2\/types\/page"}],"author":[{"embeddable":true,"href":"https:\/\/planbau.hu\/demo\/wp-json\/wp\/v2\/users\/1"}],"replies":[{"embeddable":true,"href":"https:\/\/planbau.hu\/demo\/wp-json\/wp\/v2\/comments?post=3896"}],"version-history":[{"count":1,"href":"https:\/\/planbau.hu\/demo\/wp-json\/wp\/v2\/pages\/3896\/revisions"}],"predecessor-version":[{"id":3897,"href":"https:\/\/planbau.hu\/demo\/wp-json\/wp\/v2\/pages\/3896\/revisions\/3897"}],"wp:attachment":[{"href":"https:\/\/planbau.hu\/demo\/wp-json\/wp\/v2\/media?parent=3896"}],"curies":[{"name":"wp","href":"https:\/\/api.w.org\/{rel}","templated":true}]}}