{"id":811,"date":"2019-07-01T15:10:23","date_gmt":"2019-07-01T15:10:23","guid":{"rendered":"https:\/\/stoni.wgl-demo.net\/?page_id=811"},"modified":"2025-12-17T09:39:07","modified_gmt":"2025-12-17T08:39:07","slug":"szolgaltatasaink","status":"publish","type":"page","link":"https:\/\/planbau.hu\/demo\/szolgaltatasaink\/","title":{"rendered":"Szolg\u00e1ltat\u00e1saink"},"content":{"rendered":"\t\t<div data-elementor-type=\"wp-post\" data-elementor-id=\"811\" class=\"elementor elementor-811\">\n\t\t\t\t\t\t<section class=\"elementor-section elementor-top-section elementor-element elementor-element-4def9cd elementor-section-boxed elementor-section-height-default elementor-section-height-default\" data-id=\"4def9cd\" data-element_type=\"section\">\n\t\t\t\t\t\t<div class=\"elementor-container elementor-column-gap-extended\">\n\t\t\t\t\t<div class=\"elementor-column elementor-col-50 elementor-top-column elementor-element elementor-element-03305b1\" data-id=\"03305b1\" data-element_type=\"column\">\n\t\t\t<div class=\"elementor-widget-wrap elementor-element-populated\">\n\t\t\t\t\t\t<div class=\"elementor-element elementor-element-7a8573e elementor-widget elementor-widget-wgl-image-layers\" data-id=\"7a8573e\" data-element_type=\"widget\" data-widget_type=\"wgl-image-layers.default\">\n\t\t\t\t<div class=\"elementor-widget-container\">\n\t\t\t\t\t<div class=\"wgl-image-layers\"><div class=\"img-layer_image-wrapper slide_right\" style=\"z-index: 1\">\r\n                <div class=\"img-layer_item\" style=\"transform: translate(-2%, 0%);\">\r\n                    <div class=\"img-layer_image\" style=\"transition: all 800ms; transition-delay: 600ms;\">\r\n                        <img decoding=\"async\" src=\"https:\/\/planbau.hu\/demo\/wp-content\/uploads\/2025\/05\/szolg2-1.jpg\" alt=\"szolg2\" \/>\r\n                    <\/div>\r\n                <\/div>\r\n            <\/div> <div class=\"img-layer_image-wrapper slide_left\" style=\"z-index: 1\">\r\n                <div class=\"img-layer_item\" style=\"transform: translate(100%, 0%);\">\r\n                    <div class=\"img-layer_image\" style=\"transition: all 800ms; transition-delay: 1200ms;\">\r\n                        <img decoding=\"async\" src=\"https:\/\/planbau.hu\/demo\/wp-content\/uploads\/2025\/05\/szolg1-3.jpg\" alt=\"szolg1\" \/>\r\n                    <\/div>\r\n                <\/div>\r\n            <\/div> <div class=\"img-layer_image-wrapper slide_left\" style=\"z-index: 1\">\r\n                <div class=\"img-layer_item\" style=\"transform: translate(-4%, 100%);\">\r\n                    <div class=\"img-layer_image\" style=\"transition: all 800ms; transition-delay: 1800ms;\">\r\n                        <img decoding=\"async\" src=\"https:\/\/planbau.hu\/demo\/wp-content\/uploads\/2025\/05\/szolg3-2.jpg\" alt=\"szolg3\" \/>\r\n                    <\/div>\r\n                <\/div>\r\n            <\/div> <div class=\"img-layer_image-wrapper slide_left\" style=\"z-index: 1\">\r\n                <div class=\"img-layer_item\" style=\"transform: translate(100%, 100%);\">\r\n                    <div class=\"img-layer_image\" style=\"transition: all 800ms; transition-delay: 2400ms;\">\r\n                        <img decoding=\"async\" src=\"https:\/\/planbau.hu\/demo\/wp-content\/uploads\/2025\/05\/szolg4-3.jpg\" alt=\"szolg4\" \/>\r\n                    <\/div>\r\n                <\/div>\r\n            <\/div> <\/div>\t\t\t\t<\/div>\n\t\t\t\t<\/div>\n\t\t\t\t\t<\/div>\n\t\t<\/div>\n\t\t\t\t<div class=\"elementor-column elementor-col-50 elementor-top-column elementor-element elementor-element-25c3e29\" data-id=\"25c3e29\" data-element_type=\"column\">\n\t\t\t<div class=\"elementor-widget-wrap elementor-element-populated\">\n\t\t\t\t\t\t<div class=\"elementor-element elementor-element-164586f elementor-widget elementor-widget-spacer\" data-id=\"164586f\" data-element_type=\"widget\" data-widget_type=\"spacer.default\">\n\t\t\t\t<div class=\"elementor-widget-container\">\n\t\t\t\t\t\t\t<div class=\"elementor-spacer\">\n\t\t\t<div class=\"elementor-spacer-inner\"><\/div>\n\t\t<\/div>\n\t\t\t\t\t\t<\/div>\n\t\t\t\t<\/div>\n\t\t\t\t<div class=\"elementor-element elementor-element-c9e4432 aleft elementor-widget elementor-widget-wgl-double-headings\" data-id=\"c9e4432\" data-element_type=\"widget\" data-widget_type=\"wgl-double-headings.default\">\n\t\t\t\t<div class=\"elementor-widget-container\">\n\t\t\t\t\t<div class=\"wgl-double_heading\">                <h3 class=\"dbl-title_wrapper\"><span class=\"dbl-title dbl-title_1\">Professzion\u00e1lis<\/span> <span class=\"dbl-title dbl-title_2\">\u00e9p\u00edt\u00e9szeti megold\u00e1sokat<\/span> <span class=\"dbl-title dbl-title_3\">k\u00edn\u00e1lunk<\/span>                 <\/h3>        <\/div>\t\t\t\t<\/div>\n\t\t\t\t<\/div>\n\t\t\t\t<div class=\"elementor-element elementor-element-98ab948 elementor-widget elementor-widget-wgl-tabs\" data-id=\"98ab948\" data-element_type=\"widget\" data-widget_type=\"wgl-tabs.default\">\n\t\t\t\t<div class=\"elementor-widget-container\">\n\t\t\t\t\t        <div class=\"wgl-tabs tabs_align-left   icon_position-top  \">\r\n\r\n            <div class=\"wgl-tabs_headings\">                    <h4 data-tab-id=\"wgl-tab_1601\" class=\"wgl-tabs_header\">\r\n                        <span class=\"wgl-tabs_title\">Ipari<\/span>\r\n\r\n                        \r\n                    <\/h4>\r\n\r\n                                    <h4 data-tab-id=\"wgl-tab_1602\" class=\"wgl-tabs_header\">\r\n                        <span class=\"wgl-tabs_title\">K\u00f6z\u00f6ss\u00e9gi<\/span>\r\n\r\n                        \r\n                    <\/h4>\r\n\r\n                                    <h4 data-tab-id=\"wgl-tab_1603\" class=\"wgl-tabs_header\">\r\n                        <span class=\"wgl-tabs_title\">Lak\u00f3\u00e9p\u00fclet<\/span>\r\n\r\n                        \r\n                    <\/h4>\r\n\r\n                            <\/div>\r\n\r\n            <div class=\"wgl-tabs_content-wrap\">                    <div data-tab-id=\"wgl-tab_1601\" class=\"wgl-tabs_content\">\r\n                    <p style=\"margin-bottom: 14px;\">Az ipari szegmens minden ter\u00fclet\u00e9n \u00e9vtizedes tapasztalattal rendelkez\u00fcnk:<\/p><ul class=\"stoni_check\"><li>Rakt\u00e1roz\u00e1s<\/li><li>Gy\u00e1rt\u00f3csarnok<\/li><li>Logisztika<\/li><li>Munk\u00e1ssz\u00e1ll\u00f3<\/li><\/ul>                    <\/div>\r\n\r\n                                    <div data-tab-id=\"wgl-tab_1602\" class=\"wgl-tabs_content\">\r\n                    <p style=\"margin-bottom: 14px;\">A k\u00f6z\u00f6ss\u00e9g mindennapjait szolg\u00e1l\u00f3 \u00e9p\u00edtm\u00e9nyek - k\u00f6z\u00f6sen, nyittan<\/p><ul class=\"stoni_check\"><li>Oktat\u00e1si int\u00e9zm\u00e9ny<\/li><li>K\u00f6nyvt\u00e1r<\/li><li>Sportcsarnok<\/li><li>M\u00e9lygar\u00e1zs<\/li><\/ul>                    <\/div>\r\n\r\n                                    <div data-tab-id=\"wgl-tab_1603\" class=\"wgl-tabs_content\">\r\n                    <p style=\"margin-bottom: 14px;\">Terveinkkel az otthon \u00e9lm\u00e9ny\u00e9t t\u00e1mogatjuk - k\u00edv\u00fcl, bel\u00fcl<\/p><ul class=\"stoni_check\"><li>T\u00e1rsash\u00e1z<\/li><li>Csal\u00e1di h\u00e1z<\/li><li>Lak\u00f3park<\/li><\/ul>                    <\/div>\r\n\r\n                            <\/div>\r\n\r\n        <\/div>\r\n        \t\t\t\t<\/div>\n\t\t\t\t<\/div>\n\t\t\t\t\t<\/div>\n\t\t<\/div>\n\t\t\t\t\t<\/div>\n\t\t<\/section>\n\t\t\t\t<section class=\"elementor-section elementor-top-section elementor-element elementor-element-58f818b1 elementor-section-boxed elementor-section-height-default elementor-section-height-default\" data-id=\"58f818b1\" data-element_type=\"section\">\n\t\t\t\t\t\t<div class=\"elementor-container elementor-column-gap-default\">\n\t\t\t\t\t<div class=\"elementor-column elementor-col-100 elementor-top-column elementor-element elementor-element-5011d001\" data-id=\"5011d001\" data-element_type=\"column\">\n\t\t\t<div class=\"elementor-widget-wrap elementor-element-populated\">\n\t\t\t\t\t\t<div class=\"elementor-element elementor-element-f2d7472 elementor-widget elementor-widget-text-editor\" data-id=\"f2d7472\" data-element_type=\"widget\" data-widget_type=\"text-editor.default\">\n\t\t\t\t<div class=\"elementor-widget-container\">\n\t\t\t\t\t\t\t\t\t<p>\u00a0<\/p><p>\u00a0<\/p>\t\t\t\t\t\t\t\t<\/div>\n\t\t\t\t<\/div>\n\t\t\t\t\t<\/div>\n\t\t<\/div>\n\t\t\t\t\t<\/div>\n\t\t<\/section>\n\t\t\t\t<section class=\"elementor-section elementor-top-section elementor-element elementor-element-8fe6747 elementor-section-boxed elementor-section-height-default elementor-section-height-default\" data-id=\"8fe6747\" data-element_type=\"section\">\n\t\t\t\t\t\t<div class=\"elementor-container elementor-column-gap-default\">\n\t\t\t\t\t<div class=\"elementor-column elementor-col-100 elementor-top-column elementor-element elementor-element-79b6875\" data-id=\"79b6875\" data-element_type=\"column\">\n\t\t\t<div class=\"elementor-widget-wrap elementor-element-populated\">\n\t\t\t\t\t\t<div class=\"elementor-element elementor-element-6cb7373 elementor-widget elementor-widget-spacer\" data-id=\"6cb7373\" data-element_type=\"widget\" data-widget_type=\"spacer.default\">\n\t\t\t\t<div class=\"elementor-widget-container\">\n\t\t\t\t\t\t\t<div class=\"elementor-spacer\">\n\t\t\t<div class=\"elementor-spacer-inner\"><\/div>\n\t\t<\/div>\n\t\t\t\t\t\t<\/div>\n\t\t\t\t<\/div>\n\t\t\t\t\t<\/div>\n\t\t<\/div>\n\t\t\t\t\t<\/div>\n\t\t<\/section>\n\t\t\t\t<section class=\"elementor-section elementor-top-section elementor-element elementor-element-975f693 elementor-section-boxed elementor-section-height-default elementor-section-height-default\" data-id=\"975f693\" data-element_type=\"section\">\n\t\t\t\t\t\t<div class=\"elementor-container elementor-column-gap-wider\">\n\t\t\t\t\t<div class=\"elementor-column elementor-col-33 elementor-top-column elementor-element elementor-element-722b25f\" data-id=\"722b25f\" data-element_type=\"column\">\n\t\t\t<div class=\"elementor-widget-wrap elementor-element-populated\">\n\t\t\t\t\t\t<div class=\"elementor-element elementor-element-5d3f036 elementor-view-framed elementor-widget-icon-box wgl-icon-box elementor-shape-circle elementor-position-top elementor-widget elementor-widget-wgl-info-box\" data-id=\"5d3f036\" data-element_type=\"widget\" data-widget_type=\"wgl-info-box.default\">\n\t\t\t\t<div class=\"elementor-widget-container\">\n\t\t\t\t\t<div class=\"wgl-infobox\"><div class=\"wgl-infobox_wrapper elementor-icon-box-wrapper\"><div class=\"wgl-infobox-icon_wrapper elementor-icon-box-icon\"><div class=\"wgl-infobox-icon_container\"><span class=\"wgl-icon elementor-icon elementor-animation-\" ><i class=\"icon flaticon-next\"><\/i><\/span><\/div><\/div><div class=\"wgl-infobox-content_wrapper elementor-icon-box-content\"><div class=\"wgl-infobox-title_wrapper\"><h3 class=\"wgl-infobox_title\">\u00d6tlet<\/h3><\/div><div class=\"wgl-infobox_content\"><p>Seg\u00edt\u00fcnk az elk\u00e9pzel\u00e9sekhez legink\u00e1bb illeszked\u0151 v\u00e1zlatok l\u00e9p\u00e9sr\u0151l l\u00e9p\u00e9sre t\u00f6rt\u00e9n\u0151 kidolgoz\u00e1s\u00e1ban \u2013 hogy a j\u00f3 \u00f6tletb\u0151l val\u00f3di koncepci\u00f3 sz\u00fclessen.<\/p><\/div><\/div><\/div><\/div>\t\t\t\t<\/div>\n\t\t\t\t<\/div>\n\t\t\t\t\t<\/div>\n\t\t<\/div>\n\t\t\t\t<div class=\"elementor-column elementor-col-33 elementor-top-column elementor-element elementor-element-3721cb4\" data-id=\"3721cb4\" data-element_type=\"column\">\n\t\t\t<div class=\"elementor-widget-wrap elementor-element-populated\">\n\t\t\t\t\t\t<div class=\"elementor-element elementor-element-dbc29a6 elementor-view-framed elementor-widget-icon-box wgl-icon-box elementor-shape-circle elementor-position-top elementor-widget elementor-widget-wgl-info-box\" data-id=\"dbc29a6\" data-element_type=\"widget\" data-widget_type=\"wgl-info-box.default\">\n\t\t\t\t<div class=\"elementor-widget-container\">\n\t\t\t\t\t<div class=\"wgl-infobox\"><div class=\"wgl-infobox_wrapper elementor-icon-box-wrapper\"><div class=\"wgl-infobox-icon_wrapper elementor-icon-box-icon\"><div class=\"wgl-infobox-icon_container\"><span class=\"wgl-icon elementor-icon elementor-animation-\" ><i class=\"icon flaticon-next\"><\/i><\/span><\/div><\/div><div class=\"wgl-infobox-content_wrapper elementor-icon-box-content\"><div class=\"wgl-infobox-title_wrapper\"><h3 class=\"wgl-infobox_title\">Tervez\u00e9s<\/h3><\/div><div class=\"wgl-infobox_content\"><p>Szak\u00e1gi tervez\u0151inkkel egy\u00fctt alak\u00edtjuk ki a bels\u0151 \u00e9s k\u00fcls\u0151 tereket, a megrendel\u0151i ig\u00e9nyekre \u00e9s a helyi adotts\u00e1gokra szabva.<\/p><\/div><\/div><\/div><\/div>\t\t\t\t<\/div>\n\t\t\t\t<\/div>\n\t\t\t\t\t<\/div>\n\t\t<\/div>\n\t\t\t\t<div class=\"elementor-column elementor-col-33 elementor-top-column elementor-element elementor-element-ee6dfd1\" data-id=\"ee6dfd1\" data-element_type=\"column\">\n\t\t\t<div class=\"elementor-widget-wrap elementor-element-populated\">\n\t\t\t\t\t\t<div class=\"elementor-element elementor-element-3aeee6c elementor-view-framed elementor-widget-icon-box wgl-icon-box elementor-shape-circle elementor-position-top elementor-widget elementor-widget-wgl-info-box\" data-id=\"3aeee6c\" data-element_type=\"widget\" data-widget_type=\"wgl-info-box.default\">\n\t\t\t\t<div class=\"elementor-widget-container\">\n\t\t\t\t\t<div class=\"wgl-infobox\"><div class=\"wgl-infobox_wrapper elementor-icon-box-wrapper\"><div class=\"wgl-infobox-icon_wrapper elementor-icon-box-icon\"><div class=\"wgl-infobox-icon_container\"><span class=\"wgl-icon elementor-icon elementor-animation-\" ><i class=\"icon flaticon-next\"><\/i><\/span><\/div><\/div><div class=\"wgl-infobox-content_wrapper elementor-icon-box-content\"><div class=\"wgl-infobox-title_wrapper\"><h3 class=\"wgl-infobox_title\">Hat\u00f3s\u00e1gok<\/h3><\/div><div class=\"wgl-infobox_content\"><p>\u00c1tv\u00e1llaljuk az egyeztet\u00e9sek \u00e9s enged\u00e9lyeztet\u00e9sek teljes folyamat\u00e1t \u2013 \u00edgy a hat\u00f3s\u00e1gi \u00fcgyint\u00e9z\u00e9s nem a megrendel\u0151t terheli.<\/p><\/div><\/div><\/div><\/div>\t\t\t\t<\/div>\n\t\t\t\t<\/div>\n\t\t\t\t\t<\/div>\n\t\t<\/div>\n\t\t\t\t\t<\/div>\n\t\t<\/section>\n\t\t\t\t<\/div>\n\t\t","protected":false},"excerpt":{"rendered":"<p>Professzion\u00e1lis \u00e9p\u00edt\u00e9szeti megold\u00e1sokat k\u00edn\u00e1lunk Ipari K\u00f6z\u00f6ss\u00e9gi Lak\u00f3\u00e9p\u00fclet Az ipari szegmens minden ter\u00fclet\u00e9n \u00e9vtizedes tapasztalattal rendelkez\u00fcnk: Rakt\u00e1roz\u00e1s Gy\u00e1rt\u00f3csarnok Logisztika Munk\u00e1ssz\u00e1ll\u00f3 A k\u00f6z\u00f6ss\u00e9g mindennapjait szolg\u00e1l\u00f3 \u00e9p\u00edtm\u00e9nyek &#8211; k\u00f6z\u00f6sen, nyittan Oktat\u00e1si int\u00e9zm\u00e9ny K\u00f6nyvt\u00e1r Sportcsarnok M\u00e9lygar\u00e1zs Terveinkkel az otthon \u00e9lm\u00e9ny\u00e9t t\u00e1mogatjuk &#8211; k\u00edv\u00fcl, bel\u00fcl T\u00e1rsash\u00e1z Csal\u00e1di h\u00e1z Lak\u00f3park \u00a0 \u00a0 \u00d6tlet Seg\u00edt\u00fcnk az elk\u00e9pzel\u00e9sekhez legink\u00e1bb illeszked\u0151 v\u00e1zlatok l\u00e9p\u00e9sr\u0151l l\u00e9p\u00e9sre [&hellip;]<\/p>\n","protected":false},"author":1,"featured_media":3511,"parent":0,"menu_order":0,"comment_status":"closed","ping_status":"closed","template":"","meta":{"footnotes":""},"class_list":["post-811","page","type-page","status-publish","has-post-thumbnail","hentry"],"meta_box":{"mb_page_sidebar_layout":"default","mb_page_sidebar_def":"","mb_page_sidebar_def_width":"9","mb_sticky_sidebar":"0","mb_sidebar_gap":"def","mb_page_colors_switch":"default","mb_page_theme_color":"#0c5adb","mb_page_theme_secondary_color":"","mb_body_background_color":"#ffffff","mb_scroll_up_bg_color":"#fc7268","mb_scroll_up_arrow_color":"#ffffff","mb_customize_logo":"default","mb_header_logo":[],"mb_logo_height_custom":"0","mb_logo_height":"50","mb_logo_sticky":[],"mb_sticky_logo_height_custom":"0","mb_sticky_logo_height":"","mb_logo_mobile":[],"mb_mobile_logo_height_custom":"0","mb_mobile_logo_height":"","mb_logo_mobile_menu":[],"mb_mobile_logo_menu_height_custom":"0","mb_mobile_logo_menu_height":"","mb_header_building_tool":"default","mb_customize_header_e":"","mb_customize_header":"default","mb_customize_header_layout":"default","mb_menu_header":"Main","mb_header_sticky":"1","mb_sticky_header_content_type":"","mb_customize_sticky_header":"","mb_mobile_menu_custom":"","mb_mobile_menu_header":"Main","mb_page_title_switch":"on","mb_page_title_bg_switch":"1","mb_page_title_bg":{"repeat":"no-repeat","size":"cover","attachment":"scroll","position":"bottom center","image":"https:\/\/planbau.hu\/demo\/wp-content\/uploads\/2025\/05\/StockCake-Architectural-Blueprint-Detail_1747332434.jpg","color":"#323232"},"mb_page_title_height":"550","mb_page_title_align":"center","mb_page_title_padding":{"padding-top":"188","padding-bottom":"88"},"mb_page_title_margin":{"margin-bottom":"48"},"mb_page_title_border_switch":"0","mb_page_title_border_color":"#e5e5e5","mb_page_title_border_bottom_switch":"0","mb_page_title_border_bottom_color":"","mb_page_title_parallax":"0","mb_page_title_parallax_speed":"0.3","mb_page_change_tile_switch":"0","mb_page_change_tile":"","mb_page_title_breadcrumbs_switch":"1","mb_page_title_breadcrumbs_align":"center","mb_page_title_font":{"font-size":"48","line-height":"58","color":"#ffffff"},"mb_page_title_breadcrumbs_font":{"font-size":"16","line-height":"24","color":"#ffffff"},"mb_page_title_resp_switch":"0","mb_page_title_resp_resolution":"768","mb_page_title_resp_height":"230","mb_page_title_resp_padding":{"padding-top":"15","padding-bottom":"40"},"mb_page_title_resp_font":{"font-size":"48","line-height":"58","color":"#ffffff"},"mb_page_title_resp_breadcrumbs_switch":"1","mb_page_title_resp_breadcrumbs_font":{"font-size":"16","line-height":"24","color":"#ffffff"},"mb_customize_side_panel":"default","mb_side_panel_content_type":"","mb_side_panel_page_select":"","mb_side_panel_spacing":{"padding-top":"","padding-right":"","padding-bottom":"","padding-left":""},"mb_side_panel_title_color":"#ffffff","mb_side_panel_text_color":"#313538","mb_side_panel_bg":"#ffffff","mb_side_panel_text_alignment":"center","mb_side_panel_width":"480","mb_side_panel_position":"right","mb_customize_soc_shares":"default","mb_soc_icon_style":"standard","mb_soc_icon_position":"0","mb_soc_icon_offset":"50","mb_soc_icon_facebook":"0","mb_soc_icon_twitter":"0","mb_soc_icon_linkedin":"0","mb_soc_icon_pinterest":"0","mb_soc_icon_tumblr":"0","mb_footer_switch":"default","mb_footer_add_wave":"0","mb_footer_wave_height":"158","mb_footer_content_type":"widgets","mb_footer_page_select":"","mb_footer_spacing":{"padding-top":"90"},"mb_footer_bg":"","mb_copyright_switch":"default","mb_copyright_editor":"Copyright \u00a9 2019 Stoni by WebGeniusLab. All Rights Reserved","mb_copyright_text_color":"#838383","mb_copyright_bg_color":"#171a1e","mb_copyright_spacing":{"padding-top":"10","padding-bottom":"10"}},"_links":{"self":[{"href":"https:\/\/planbau.hu\/demo\/wp-json\/wp\/v2\/pages\/811","targetHints":{"allow":["GET"]}}],"collection":[{"href":"https:\/\/planbau.hu\/demo\/wp-json\/wp\/v2\/pages"}],"about":[{"href":"https:\/\/planbau.hu\/demo\/wp-json\/wp\/v2\/types\/page"}],"author":[{"embeddable":true,"href":"https:\/\/planbau.hu\/demo\/wp-json\/wp\/v2\/users\/1"}],"replies":[{"embeddable":true,"href":"https:\/\/planbau.hu\/demo\/wp-json\/wp\/v2\/comments?post=811"}],"version-history":[{"count":25,"href":"https:\/\/planbau.hu\/demo\/wp-json\/wp\/v2\/pages\/811\/revisions"}],"predecessor-version":[{"id":3603,"href":"https:\/\/planbau.hu\/demo\/wp-json\/wp\/v2\/pages\/811\/revisions\/3603"}],"wp:featuredmedia":[{"embeddable":true,"href":"https:\/\/planbau.hu\/demo\/wp-json\/wp\/v2\/media\/3511"}],"wp:attachment":[{"href":"https:\/\/planbau.hu\/demo\/wp-json\/wp\/v2\/media?parent=811"}],"curies":[{"name":"wp","href":"https:\/\/api.w.org\/{rel}","templated":true}]}}