{"id":930,"date":"2019-07-03T08:42:15","date_gmt":"2019-07-03T08:42:15","guid":{"rendered":"https:\/\/stoni.wgl-demo.net\/?page_id=930"},"modified":"2025-12-17T09:32:45","modified_gmt":"2025-12-17T08:32:45","slug":"csapatunk","status":"publish","type":"page","link":"https:\/\/planbau.hu\/demo\/csapatunk\/","title":{"rendered":"Csapatunk"},"content":{"rendered":"\t\t<div data-elementor-type=\"wp-post\" data-elementor-id=\"930\" class=\"elementor elementor-930\">\n\t\t\t\t\t\t<section class=\"elementor-section elementor-top-section elementor-element elementor-element-7af0994 wgl-add-background-text elementor-section-boxed elementor-section-height-default elementor-section-height-default wgl-animation-background-text\" data-id=\"7af0994\" data-element_type=\"section\">\n\t\t\t\t\t\t<div class=\"elementor-container elementor-column-gap-default\">\n\t\t\t\t\t<div class=\"elementor-column elementor-col-100 elementor-top-column elementor-element elementor-element-c17b021\" data-id=\"c17b021\" data-element_type=\"column\">\n\t\t\t<div class=\"elementor-widget-wrap elementor-element-populated\">\n\t\t\t\t\t\t<div class=\"elementor-element elementor-element-86a23e7 elementor-widget elementor-widget-spacer\" data-id=\"86a23e7\" data-element_type=\"widget\" data-widget_type=\"spacer.default\">\n\t\t\t\t<div class=\"elementor-widget-container\">\n\t\t\t\t\t\t\t<div class=\"elementor-spacer\">\n\t\t\t<div class=\"elementor-spacer-inner\"><\/div>\n\t\t<\/div>\n\t\t\t\t\t\t<\/div>\n\t\t\t\t<\/div>\n\t\t\t\t\t<\/div>\n\t\t<\/div>\n\t\t\t\t\t<\/div>\n\t\t<\/section>\n\t\t\t\t<section class=\"elementor-section elementor-top-section elementor-element elementor-element-339db4e elementor-section-boxed elementor-section-height-default elementor-section-height-default\" data-id=\"339db4e\" data-element_type=\"section\">\n\t\t\t\t\t\t<div class=\"elementor-container elementor-column-gap-no\">\n\t\t\t\t\t<div class=\"elementor-column elementor-col-50 elementor-top-column elementor-element elementor-element-2104127\" data-id=\"2104127\" data-element_type=\"column\">\n\t\t\t<div class=\"elementor-widget-wrap elementor-element-populated\">\n\t\t\t\t\t\t<div class=\"elementor-element elementor-element-f673e0d elementor-widget elementor-widget-spacer\" data-id=\"f673e0d\" data-element_type=\"widget\" data-widget_type=\"spacer.default\">\n\t\t\t\t<div class=\"elementor-widget-container\">\n\t\t\t\t\t\t\t<div class=\"elementor-spacer\">\n\t\t\t<div class=\"elementor-spacer-inner\"><\/div>\n\t\t<\/div>\n\t\t\t\t\t\t<\/div>\n\t\t\t\t<\/div>\n\t\t\t\t<div class=\"elementor-element elementor-element-6c4991b aleft elementor-widget elementor-widget-wgl-double-headings\" data-id=\"6c4991b\" data-element_type=\"widget\" data-widget_type=\"wgl-double-headings.default\">\n\t\t\t\t<div class=\"elementor-widget-container\">\n\t\t\t\t\t<div class=\"wgl-double_heading\">                <h3 class=\"dbl-title_wrapper\"><span class=\"dbl-title dbl-title_1\">Hogyan seg\u00edtj\u00fck<\/span> <span class=\"dbl-title dbl-title_2\">a Megrendel\u0151inket?<\/span>                 <\/h3>        <\/div>\t\t\t\t<\/div>\n\t\t\t\t<\/div>\n\t\t\t\t<div class=\"elementor-element elementor-element-e12222f elementor-widget elementor-widget-text-editor\" data-id=\"e12222f\" data-element_type=\"widget\" data-widget_type=\"text-editor.default\">\n\t\t\t\t<div class=\"elementor-widget-container\">\n\t\t\t\t\t\t\t\t\t<p>Hisz\u00fcnk abban, hogy a j\u00f3 terv m\u00f6g\u00f6tt mindig egy j\u00f3l \u00f6sszehangolt csapat \u00e1ll. N\u00e1lunk \u00e9p\u00edt\u00e9szek, m\u00e9rn\u00f6k\u00f6k \u00e9s szak\u00e1gi tervez\u0151k dolgoznak egy\u00fctt az els\u0151 v\u00e1zlatt\u00f3l a megval\u00f3s\u00edt\u00e1s utols\u00f3 l\u00e9p\u00e9s\u00e9ig. A gener\u00e1ltervez\u00e9s \u00e9s m\u0171szaki ellen\u0151rz\u00e9s ter\u00fclet\u00e9n szerzett tapasztalatainknak k\u00f6sz\u00f6nhet\u0151en a r\u00e9szletekre \u00e9s az eg\u00e9szre egyszerre figyel\u00fcnk. Legyen sz\u00f3 ipari, k\u00f6z\u00e9p\u00fcleti vagy lak\u00f3\u00e9p\u00fcleti projektekr\u0151l, sz\u00e1munkra minden megb\u00edz\u00e1s egyedi \u2013 \u00e9s ennek megfelel\u0151 hozz\u00e1\u00e1ll\u00e1st is ig\u00e9nyel. K\u00f6z\u00f6sen dolgozunk az\u00e9rt, hogy a v\u00e9geredm\u00e9ny nemcsak sz\u00e9p \u00e9s m\u0171k\u00f6d\u0151k\u00e9pes legyen, hanem hossz\u00fa t\u00e1von is \u00e9rt\u00e9ket teremtsen.<\/p>\t\t\t\t\t\t\t\t<\/div>\n\t\t\t\t<\/div>\n\t\t\t\t\t<\/div>\n\t\t<\/div>\n\t\t\t\t<div class=\"elementor-column elementor-col-50 elementor-top-column elementor-element elementor-element-6016a58\" data-id=\"6016a58\" data-element_type=\"column\">\n\t\t\t<div class=\"elementor-widget-wrap elementor-element-populated\">\n\t\t\t\t\t\t<div class=\"elementor-element elementor-element-9700551 elementor-widget__width-initial elementor-widget elementor-widget-wgl-image-layers\" data-id=\"9700551\" data-element_type=\"widget\" data-widget_type=\"wgl-image-layers.default\">\n\t\t\t\t<div class=\"elementor-widget-container\">\n\t\t\t\t\t<div class=\"wgl-image-layers\"><div class=\"img-layer_image-wrapper fade_in\" style=\"z-index: 1\">\r\n                <div class=\"img-layer_item\" style=\"transform: translate(%, 0%);\">\r\n                    <div class=\"img-layer_image\" style=\"transition: all 800ms; transition-delay: 600ms;\">\r\n                        <img decoding=\"async\" src=\"https:\/\/planbau.hu\/demo\/wp-content\/uploads\/2025\/05\/IMG_8384-scaled-e1747129238711.jpg\" alt=\"IMG_8384\" \/>\r\n                    <\/div>\r\n                <\/div>\r\n            <\/div> <\/div>\t\t\t\t<\/div>\n\t\t\t\t<\/div>\n\t\t\t\t\t<\/div>\n\t\t<\/div>\n\t\t\t\t\t<\/div>\n\t\t<\/section>\n\t\t\t\t<\/div>\n\t\t","protected":false},"excerpt":{"rendered":"<p>Hogyan seg\u00edtj\u00fck a Megrendel\u0151inket? Hisz\u00fcnk abban, hogy a j\u00f3 terv m\u00f6g\u00f6tt mindig egy j\u00f3l \u00f6sszehangolt csapat \u00e1ll. N\u00e1lunk \u00e9p\u00edt\u00e9szek, m\u00e9rn\u00f6k\u00f6k \u00e9s szak\u00e1gi tervez\u0151k dolgoznak egy\u00fctt az els\u0151 v\u00e1zlatt\u00f3l a megval\u00f3s\u00edt\u00e1s utols\u00f3 l\u00e9p\u00e9s\u00e9ig. A gener\u00e1ltervez\u00e9s \u00e9s m\u0171szaki ellen\u0151rz\u00e9s ter\u00fclet\u00e9n szerzett tapasztalatainknak k\u00f6sz\u00f6nhet\u0151en a r\u00e9szletekre \u00e9s az eg\u00e9szre egyszerre figyel\u00fcnk. Legyen sz\u00f3 ipari, k\u00f6z\u00e9p\u00fcleti vagy lak\u00f3\u00e9p\u00fcleti projektekr\u0151l, [&hellip;]<\/p>\n","protected":false},"author":1,"featured_media":0,"parent":0,"menu_order":0,"comment_status":"closed","ping_status":"closed","template":"","meta":{"footnotes":""},"class_list":["post-930","page","type-page","status-publish","hentry"],"meta_box":{"mb_page_sidebar_layout":"default","mb_page_sidebar_def":"","mb_page_sidebar_def_width":"9","mb_sticky_sidebar":"0","mb_sidebar_gap":"def","mb_page_colors_switch":"default","mb_page_theme_color":"#0c5adb","mb_page_theme_secondary_color":"","mb_body_background_color":"#ffffff","mb_scroll_up_bg_color":"#fc7268","mb_scroll_up_arrow_color":"#ffffff","mb_customize_logo":"default","mb_header_logo":[],"mb_logo_height_custom":"0","mb_logo_height":"50","mb_logo_sticky":[],"mb_sticky_logo_height_custom":"0","mb_sticky_logo_height":"","mb_logo_mobile":[],"mb_mobile_logo_height_custom":"0","mb_mobile_logo_height":"","mb_logo_mobile_menu":[],"mb_mobile_logo_menu_height_custom":"0","mb_mobile_logo_menu_height":"","mb_header_building_tool":"default","mb_customize_header_e":"","mb_customize_header":"default","mb_customize_header_layout":"default","mb_menu_header":"Main","mb_header_sticky":"1","mb_sticky_header_content_type":"","mb_customize_sticky_header":"","mb_mobile_menu_custom":"","mb_mobile_menu_header":"Main","mb_page_title_switch":"on","mb_page_title_bg_switch":"1","mb_page_title_bg":{"repeat":"no-repeat","size":"cover","attachment":"scroll","position":"bottom center","image":"https:\/\/planbau.hu\/demo\/wp-content\/uploads\/2019\/07\/pagetitle_6.jpg","color":"#323232"},"mb_page_title_height":"550","mb_page_title_align":"center","mb_page_title_padding":{"padding-top":"188","padding-bottom":"88"},"mb_page_title_margin":{"margin-bottom":"48"},"mb_page_title_border_switch":"0","mb_page_title_border_color":"#e5e5e5","mb_page_title_border_bottom_switch":"0","mb_page_title_border_bottom_color":"","mb_page_title_parallax":"0","mb_page_title_parallax_speed":"0.3","mb_page_change_tile_switch":"0","mb_page_change_tile":"","mb_page_title_breadcrumbs_switch":"1","mb_page_title_breadcrumbs_align":"center","mb_page_title_font":{"font-size":"48","line-height":"58","color":"#ffffff"},"mb_page_title_breadcrumbs_font":{"font-size":"16","line-height":"24","color":"#ffffff"},"mb_page_title_resp_switch":"0","mb_page_title_resp_resolution":"768","mb_page_title_resp_height":"230","mb_page_title_resp_padding":{"padding-top":"15","padding-bottom":"40"},"mb_page_title_resp_font":{"font-size":"48","line-height":"58","color":"#ffffff"},"mb_page_title_resp_breadcrumbs_switch":"1","mb_page_title_resp_breadcrumbs_font":{"font-size":"16","line-height":"24","color":"#ffffff"},"mb_customize_side_panel":"default","mb_side_panel_content_type":"widgets","mb_side_panel_page_select":"","mb_side_panel_spacing":{"padding-top":"105","padding-right":"90","padding-bottom":"105","padding-left":"90"},"mb_side_panel_title_color":"#ffffff","mb_side_panel_text_color":"#313538","mb_side_panel_bg":"#ffffff","mb_side_panel_text_alignment":"center","mb_side_panel_width":"480","mb_side_panel_position":"right","mb_customize_soc_shares":"default","mb_soc_icon_style":"standard","mb_soc_icon_position":"0","mb_soc_icon_offset":"50","mb_soc_icon_facebook":"0","mb_soc_icon_twitter":"0","mb_soc_icon_linkedin":"0","mb_soc_icon_pinterest":"0","mb_soc_icon_tumblr":"0","mb_footer_switch":"default","mb_footer_add_wave":"0","mb_footer_wave_height":"158","mb_footer_content_type":"widgets","mb_footer_page_select":"","mb_footer_spacing":{"padding-top":"90","padding-right":"0","padding-bottom":"10","padding-left":"0"},"mb_footer_bg":{"repeat":"no-repeat","size":"cover","attachment":"scroll","position":"bottom center","image":"","color":"#f2f2f4"},"mb_copyright_switch":"default","mb_copyright_editor":"Copyright \u00a9 2019 Stoni by WebGeniusLab. All Rights Reserved","mb_copyright_text_color":"#838383","mb_copyright_bg_color":"#171a1e","mb_copyright_spacing":{"padding-top":"10","padding-bottom":"10"}},"_links":{"self":[{"href":"https:\/\/planbau.hu\/demo\/wp-json\/wp\/v2\/pages\/930","targetHints":{"allow":["GET"]}}],"collection":[{"href":"https:\/\/planbau.hu\/demo\/wp-json\/wp\/v2\/pages"}],"about":[{"href":"https:\/\/planbau.hu\/demo\/wp-json\/wp\/v2\/types\/page"}],"author":[{"embeddable":true,"href":"https:\/\/planbau.hu\/demo\/wp-json\/wp\/v2\/users\/1"}],"replies":[{"embeddable":true,"href":"https:\/\/planbau.hu\/demo\/wp-json\/wp\/v2\/comments?post=930"}],"version-history":[{"count":7,"href":"https:\/\/planbau.hu\/demo\/wp-json\/wp\/v2\/pages\/930\/revisions"}],"predecessor-version":[{"id":3525,"href":"https:\/\/planbau.hu\/demo\/wp-json\/wp\/v2\/pages\/930\/revisions\/3525"}],"wp:attachment":[{"href":"https:\/\/planbau.hu\/demo\/wp-json\/wp\/v2\/media?parent=930"}],"curies":[{"name":"wp","href":"https:\/\/api.w.org\/{rel}","templated":true}]}}